{"id":6911,"date":"2023-10-18T12:57:14","date_gmt":"2023-10-18T10:57:14","guid":{"rendered":"https:\/\/shop.ostberg.com\/no\/product\/z45-sentralstovsuger\/"},"modified":"2026-04-16T04:48:40","modified_gmt":"2026-04-16T02:48:40","slug":"z45-sentralstovsuger","status":"publish","type":"product","link":"https:\/\/shop.ostberg.com\/no\/product\/z45-sentralstovsuger\/","title":{"rendered":"Z45 sentralst\u00f8vsuger"},"content":{"rendered":"<div>\n<ul>\n<li>Et avansert alternativ for mellomstore og store boliger, der lengden p\u00e5 r\u00f8rledningen fra sentralenheten til det ytterste vegginntaket er opptil 45 m.<\/li>\n<li>Flere vegginntak til r\u00e5dighet. Vegginntaket for Zi- og Z-modellen muliggj\u00f8r bruk av st\u00f8vsugeren i sentralenhetens installasjonsomr\u00e5de, noe som utvider omr\u00e5dene og stedene der st\u00f8vsugeren kan brukes.<\/li>\n<li>20 l st\u00f8vbeholder. Pose byttes ved behov.<\/li>\n<li><span>Leveres med st\u00f8vpose. Med en st\u00f8vpose i st\u00f8vbeholderen blir det<br \/>     renere og mer hygienisk \u00e5 t\u00f8mme beholderen. St\u00f8vposer er tilgjengelig som<br \/>     tilbeh\u00f8r til modeller i Z- og X-serien. Enheten kan IKKE kj\u00f8res uten pose!<\/span><\/li>\n<li><span>360 En stor st\u00f8vbeholder. De robuste h\u00e5ndtakene og installasjonen<br \/>     av beholderen i en hvilken som helst posisjon p\u00e5 Zi- og Z-modellen gj\u00f8r<br \/>     det enkelt \u00e5 bytte posen.<\/span><\/li>\n<li><span>Det er mulig \u00e5 bestille alle modeller uten installert innsats for<br \/>     pose,\u00a0 det er ikke lagervare, og det m\u00e5 da beregnes leveringstid.<\/span><\/li>\n<ul><\/ul>\n<\/ul>\n<\/div>\n","protected":false},"excerpt":{"rendered":"<p>Et avansert alternativ for mellomstore og store boliger, der lengden p\u00e5 r\u00f8rledningen fra sentralenheten til det ytterste vegginntaket er opptil 45 m. Flere vegginntak til r\u00e5dighet. Vegginntaket for Zi- og Z-modellen muliggj\u00f8r bruk av st\u00f8vsugeren i sentralenhetens installasjonsomr\u00e5de, noe som utvider omr\u00e5dene og stedene der st\u00f8vsugeren kan brukes. 20 l st\u00f8vbeholder. Pose byttes ved behov. [&hellip;]<\/p>\n","protected":false},"featured_media":300685,"template":"","meta":{"inline_featured_image":false},"product_brand":[],"product_cat":[1160,1159,1162],"product_tag":[],"class_list":{"0":"post-6911","1":"product","2":"type-product","3":"status-publish","4":"has-post-thumbnail","6":"product_cat-produkter","7":"product_cat-sentralstovsuger","8":"product_cat-z-serien","10":"first","11":"instock","12":"taxable","13":"shipping-taxable","14":"purchasable","15":"product-type-simple"},"_links":{"self":[{"href":"https:\/\/shop.ostberg.com\/no\/wp-json\/wp\/v2\/product\/6911","targetHints":{"allow":["GET"]}}],"collection":[{"href":"https:\/\/shop.ostberg.com\/no\/wp-json\/wp\/v2\/product"}],"about":[{"href":"https:\/\/shop.ostberg.com\/no\/wp-json\/wp\/v2\/types\/product"}],"wp:featuredmedia":[{"embeddable":true,"href":"https:\/\/shop.ostberg.com\/no\/wp-json\/wp\/v2\/media\/300685"}],"wp:attachment":[{"href":"https:\/\/shop.ostberg.com\/no\/wp-json\/wp\/v2\/media?parent=6911"}],"wp:term":[{"taxonomy":"product_brand","embeddable":true,"href":"https:\/\/shop.ostberg.com\/no\/wp-json\/wp\/v2\/product_brand?post=6911"},{"taxonomy":"product_cat","embeddable":true,"href":"https:\/\/shop.ostberg.com\/no\/wp-json\/wp\/v2\/product_cat?post=6911"},{"taxonomy":"product_tag","embeddable":true,"href":"https:\/\/shop.ostberg.com\/no\/wp-json\/wp\/v2\/product_tag?post=6911"}],"curies":[{"name":"wp","href":"https:\/\/api.w.org\/{rel}","templated":true}]}}