{"id":6908,"date":"2023-10-18T12:57:11","date_gmt":"2023-10-18T10:57:11","guid":{"rendered":"https:\/\/shop.ostberg.com\/no\/product\/m1000-sentralstovsuger-semi-prof\/"},"modified":"2026-04-15T04:37:17","modified_gmt":"2026-04-15T02:37:17","slug":"m1000-sentralstovsuger-semi-prof","status":"publish","type":"product","link":"https:\/\/shop.ostberg.com\/no\/product\/m1000-sentralstovsuger-semi-prof\/","title":{"rendered":"M1000 sentralst\u00f8vsuger semi prof"},"content":{"rendered":"<div>\n<ul>\n<li>Egner seg for store eneboliger og sm\u00e5 milj\u00f8er som rengj\u00f8res profesjonelt, for eksempel daghjem, serviceboliger eller skoler, der lengden p\u00e5 r\u00f8rledningen fra sentralenheten til det ytterste vegginntaket er opptil 50 m.<\/li>\n<li>Med eller uten st\u00f8vpose. Med en st\u00f8vpose i st\u00f8vbeholderen blir det renere og mer hygienisk \u00e5 t\u00f8mme beholderen. St\u00f8vposer er tilgjengelig som tilbeh\u00f8r til modeller i Z- og X-serien.<\/li>\n<li>20 l st\u00f8vbeholder. Den romslige st\u00f8vbeholderen krever ikke hyppig t\u00f8mming.<\/li>\n<li>Mykstart<\/li>\n<\/ul>\n<\/div>\n","protected":false},"excerpt":{"rendered":"<p>Egner seg for store eneboliger og sm\u00e5 milj\u00f8er som rengj\u00f8res profesjonelt, for eksempel daghjem, serviceboliger eller skoler, der lengden p\u00e5 r\u00f8rledningen fra sentralenheten til det ytterste vegginntaket er opptil 50 m. Med eller uten st\u00f8vpose. Med en st\u00f8vpose i st\u00f8vbeholderen blir det renere og mer hygienisk \u00e5 t\u00f8mme beholderen. St\u00f8vposer er tilgjengelig som tilbeh\u00f8r til [&hellip;]<\/p>\n","protected":false},"featured_media":300178,"template":"","meta":{"inline_featured_image":false},"product_brand":[],"product_cat":[1160,1163,1159],"product_tag":[],"class_list":{"0":"post-6908","1":"product","2":"type-product","3":"status-publish","4":"has-post-thumbnail","6":"product_cat-produkter","7":"product_cat-semiprofesjonell","8":"product_cat-sentralstovsuger","10":"first","11":"instock","12":"taxable","13":"shipping-taxable","14":"purchasable","15":"product-type-simple"},"_links":{"self":[{"href":"https:\/\/shop.ostberg.com\/no\/wp-json\/wp\/v2\/product\/6908","targetHints":{"allow":["GET"]}}],"collection":[{"href":"https:\/\/shop.ostberg.com\/no\/wp-json\/wp\/v2\/product"}],"about":[{"href":"https:\/\/shop.ostberg.com\/no\/wp-json\/wp\/v2\/types\/product"}],"wp:featuredmedia":[{"embeddable":true,"href":"https:\/\/shop.ostberg.com\/no\/wp-json\/wp\/v2\/media\/300178"}],"wp:attachment":[{"href":"https:\/\/shop.ostberg.com\/no\/wp-json\/wp\/v2\/media?parent=6908"}],"wp:term":[{"taxonomy":"product_brand","embeddable":true,"href":"https:\/\/shop.ostberg.com\/no\/wp-json\/wp\/v2\/product_brand?post=6908"},{"taxonomy":"product_cat","embeddable":true,"href":"https:\/\/shop.ostberg.com\/no\/wp-json\/wp\/v2\/product_cat?post=6908"},{"taxonomy":"product_tag","embeddable":true,"href":"https:\/\/shop.ostberg.com\/no\/wp-json\/wp\/v2\/product_tag?post=6908"}],"curies":[{"name":"wp","href":"https:\/\/api.w.org\/{rel}","templated":true}]}}