{"id":6896,"date":"2023-10-18T12:57:01","date_gmt":"2023-10-18T10:57:01","guid":{"rendered":"https:\/\/shop.ostberg.com\/no\/product\/slange-10m\/"},"modified":"2026-04-30T04:48:45","modified_gmt":"2026-04-30T02:48:45","slug":"slange-10m","status":"publish","type":"product","link":"https:\/\/shop.ostberg.com\/no\/product\/slange-10m\/","title":{"rendered":"Slange 10m"},"content":{"rendered":"<div>Slange US Av\/p\u00e5 med Allaway h\u00e5ndtakstart f\u00f6r Beam kontakt 10m, 12m og 15m<\/div>\n","protected":false},"excerpt":{"rendered":"<p>Slange US Av\/p\u00e5 med Allaway h\u00e5ndtakstart f\u00f6r Beam kontakt 10m, 12m og 15m<\/p>\n","protected":false},"featured_media":307685,"template":"","meta":{"inline_featured_image":false},"product_brand":[],"product_cat":[1169,1159,1164],"product_tag":[],"class_list":{"0":"post-6896","1":"product","2":"type-product","3":"status-publish","4":"has-post-thumbnail","6":"product_cat-rengjoringsverktoy","7":"product_cat-sentralstovsuger","8":"product_cat-tilbehor","10":"first","11":"instock","12":"taxable","13":"shipping-taxable","14":"purchasable","15":"product-type-simple"},"_links":{"self":[{"href":"https:\/\/shop.ostberg.com\/no\/wp-json\/wp\/v2\/product\/6896","targetHints":{"allow":["GET"]}}],"collection":[{"href":"https:\/\/shop.ostberg.com\/no\/wp-json\/wp\/v2\/product"}],"about":[{"href":"https:\/\/shop.ostberg.com\/no\/wp-json\/wp\/v2\/types\/product"}],"wp:featuredmedia":[{"embeddable":true,"href":"https:\/\/shop.ostberg.com\/no\/wp-json\/wp\/v2\/media\/307685"}],"wp:attachment":[{"href":"https:\/\/shop.ostberg.com\/no\/wp-json\/wp\/v2\/media?parent=6896"}],"wp:term":[{"taxonomy":"product_brand","embeddable":true,"href":"https:\/\/shop.ostberg.com\/no\/wp-json\/wp\/v2\/product_brand?post=6896"},{"taxonomy":"product_cat","embeddable":true,"href":"https:\/\/shop.ostberg.com\/no\/wp-json\/wp\/v2\/product_cat?post=6896"},{"taxonomy":"product_tag","embeddable":true,"href":"https:\/\/shop.ostberg.com\/no\/wp-json\/wp\/v2\/product_tag?post=6896"}],"curies":[{"name":"wp","href":"https:\/\/api.w.org\/{rel}","templated":true}]}}