{"id":6888,"date":"2023-10-18T12:56:53","date_gmt":"2023-10-18T10:56:53","guid":{"rendered":"https:\/\/shop.ostberg.com\/no\/product\/overgangsmuffe-44-50-mm\/"},"modified":"2026-05-13T04:32:03","modified_gmt":"2026-05-13T02:32:03","slug":"overgangsmuffe-44-50-mm","status":"publish","type":"product","link":"https:\/\/shop.ostberg.com\/no\/product\/overgangsmuffe-44-50-mm\/","title":{"rendered":"Overgangsmuffe 44\/50 mm"},"content":{"rendered":"<div>Denne benyttes n\u00e5r man skal ha overgang fra 50 mm. r\u00f8ropplegg inn p\u00e5 maskinen som da har 44 mm. R\u00f8rtilkobling<\/div>\n","protected":false},"excerpt":{"rendered":"<p>Denne benyttes n\u00e5r man skal ha overgang fra 50 mm. r\u00f8ropplegg inn p\u00e5 maskinen som da har 44 mm. R\u00f8rtilkobling<\/p>\n","protected":false},"featured_media":314181,"template":"","meta":{"inline_featured_image":false},"product_brand":[],"product_cat":[1165,1159,1164],"product_tag":[],"class_list":{"0":"post-6888","1":"product","2":"type-product","3":"status-publish","4":"has-post-thumbnail","6":"product_cat-rordeler","7":"product_cat-sentralstovsuger","8":"product_cat-tilbehor","10":"first","11":"instock","12":"taxable","13":"shipping-taxable","14":"purchasable","15":"product-type-simple"},"_links":{"self":[{"href":"https:\/\/shop.ostberg.com\/no\/wp-json\/wp\/v2\/product\/6888","targetHints":{"allow":["GET"]}}],"collection":[{"href":"https:\/\/shop.ostberg.com\/no\/wp-json\/wp\/v2\/product"}],"about":[{"href":"https:\/\/shop.ostberg.com\/no\/wp-json\/wp\/v2\/types\/product"}],"wp:featuredmedia":[{"embeddable":true,"href":"https:\/\/shop.ostberg.com\/no\/wp-json\/wp\/v2\/media\/314181"}],"wp:attachment":[{"href":"https:\/\/shop.ostberg.com\/no\/wp-json\/wp\/v2\/media?parent=6888"}],"wp:term":[{"taxonomy":"product_brand","embeddable":true,"href":"https:\/\/shop.ostberg.com\/no\/wp-json\/wp\/v2\/product_brand?post=6888"},{"taxonomy":"product_cat","embeddable":true,"href":"https:\/\/shop.ostberg.com\/no\/wp-json\/wp\/v2\/product_cat?post=6888"},{"taxonomy":"product_tag","embeddable":true,"href":"https:\/\/shop.ostberg.com\/no\/wp-json\/wp\/v2\/product_tag?post=6888"}],"curies":[{"name":"wp","href":"https:\/\/api.w.org\/{rel}","templated":true}]}}