{"id":6882,"date":"2023-10-18T12:56:48","date_gmt":"2023-10-18T10:56:48","guid":{"rendered":"https:\/\/shop.ostberg.com\/no\/product\/pose-20-l-50-pcs\/"},"modified":"2026-04-15T04:36:21","modified_gmt":"2026-04-15T02:36:21","slug":"pose-20-l-50-pcs","status":"publish","type":"product","link":"https:\/\/shop.ostberg.com\/no\/product\/pose-20-l-50-pcs\/","title":{"rendered":"Pose 20 l for A\/M serie"},"content":{"rendered":"<div>Pose 20 l for A og M 1000-serien, mikrofiber AllaTex &amp; EE 20 Preseparator<br \/>N\u00e5r det brukes en Allaway mikrofiberst\u00f8vpose, filtrerer den avtrekksluften effektivt og fyller st\u00f8vposen optimalt. Det skal alltid brukes st\u00f8vpose i Duo.<\/p>\n<p>Med en mikrofiberst\u00f8vpose m\u00e5 st\u00f8vposen skiftes sjeldnere. Absorberer ikke fuktighet, blir derfor ikke grobunn for bakterier eller mycelier.<\/div>\n","protected":false},"excerpt":{"rendered":"<p>Pose 20 l for A og M 1000-serien, mikrofiber AllaTex &amp; EE 20 PreseparatorN\u00e5r det brukes en Allaway mikrofiberst\u00f8vpose, filtrerer den avtrekksluften effektivt og fyller st\u00f8vposen optimalt. Det skal alltid brukes st\u00f8vpose i Duo. Med en mikrofiberst\u00f8vpose m\u00e5 st\u00f8vposen skiftes sjeldnere. Absorberer ikke fuktighet, blir derfor ikke grobunn for bakterier eller mycelier.<\/p>\n","protected":false},"featured_media":300170,"template":"","meta":{"inline_featured_image":false},"product_brand":[],"product_cat":[1167,1159,1164],"product_tag":[],"class_list":{"0":"post-6882","1":"product","2":"type-product","3":"status-publish","4":"has-post-thumbnail","6":"product_cat-poser-filter","7":"product_cat-sentralstovsuger","8":"product_cat-tilbehor","10":"first","11":"instock","12":"taxable","13":"shipping-taxable","14":"purchasable","15":"product-type-simple"},"_links":{"self":[{"href":"https:\/\/shop.ostberg.com\/no\/wp-json\/wp\/v2\/product\/6882","targetHints":{"allow":["GET"]}}],"collection":[{"href":"https:\/\/shop.ostberg.com\/no\/wp-json\/wp\/v2\/product"}],"about":[{"href":"https:\/\/shop.ostberg.com\/no\/wp-json\/wp\/v2\/types\/product"}],"wp:featuredmedia":[{"embeddable":true,"href":"https:\/\/shop.ostberg.com\/no\/wp-json\/wp\/v2\/media\/300170"}],"wp:attachment":[{"href":"https:\/\/shop.ostberg.com\/no\/wp-json\/wp\/v2\/media?parent=6882"}],"wp:term":[{"taxonomy":"product_brand","embeddable":true,"href":"https:\/\/shop.ostberg.com\/no\/wp-json\/wp\/v2\/product_brand?post=6882"},{"taxonomy":"product_cat","embeddable":true,"href":"https:\/\/shop.ostberg.com\/no\/wp-json\/wp\/v2\/product_cat?post=6882"},{"taxonomy":"product_tag","embeddable":true,"href":"https:\/\/shop.ostberg.com\/no\/wp-json\/wp\/v2\/product_tag?post=6882"}],"curies":[{"name":"wp","href":"https:\/\/api.w.org\/{rel}","templated":true}]}}