{"id":6872,"date":"2023-10-18T12:56:39","date_gmt":"2023-10-18T10:56:39","guid":{"rendered":"https:\/\/shop.ostberg.com\/no\/product\/ror-12-m\/"},"modified":"2026-04-30T04:47:19","modified_gmt":"2026-04-30T02:47:19","slug":"ror-12-m","status":"publish","type":"product","link":"https:\/\/shop.ostberg.com\/no\/product\/ror-12-m\/","title":{"rendered":"R\u00f8r 1,2 m"},"content":{"rendered":"<div>Alleway st\u00f8vr\u00f8rr\u00f8r.<br \/>R\u00f8rledningsdeler festes uten lim eller spesialverkt\u00f8y.<br \/>Innvendig diameter 40 mm, ytre diameter 44 mm, hylse ytre diameter 50 mm.<\/div>\n","protected":false},"excerpt":{"rendered":"<p>Alleway st\u00f8vr\u00f8rr\u00f8r.R\u00f8rledningsdeler festes uten lim eller spesialverkt\u00f8y.Innvendig diameter 40 mm, ytre diameter 44 mm, hylse ytre diameter 50 mm.<\/p>\n","protected":false},"featured_media":307674,"template":"","meta":{"inline_featured_image":false},"product_brand":[],"product_cat":[1165,1159,1164],"product_tag":[],"class_list":{"0":"post-6872","1":"product","2":"type-product","3":"status-publish","4":"has-post-thumbnail","6":"product_cat-rordeler","7":"product_cat-sentralstovsuger","8":"product_cat-tilbehor","10":"first","11":"instock","12":"taxable","13":"shipping-taxable","14":"purchasable","15":"product-type-simple"},"_links":{"self":[{"href":"https:\/\/shop.ostberg.com\/no\/wp-json\/wp\/v2\/product\/6872","targetHints":{"allow":["GET"]}}],"collection":[{"href":"https:\/\/shop.ostberg.com\/no\/wp-json\/wp\/v2\/product"}],"about":[{"href":"https:\/\/shop.ostberg.com\/no\/wp-json\/wp\/v2\/types\/product"}],"wp:featuredmedia":[{"embeddable":true,"href":"https:\/\/shop.ostberg.com\/no\/wp-json\/wp\/v2\/media\/307674"}],"wp:attachment":[{"href":"https:\/\/shop.ostberg.com\/no\/wp-json\/wp\/v2\/media?parent=6872"}],"wp:term":[{"taxonomy":"product_brand","embeddable":true,"href":"https:\/\/shop.ostberg.com\/no\/wp-json\/wp\/v2\/product_brand?post=6872"},{"taxonomy":"product_cat","embeddable":true,"href":"https:\/\/shop.ostberg.com\/no\/wp-json\/wp\/v2\/product_cat?post=6872"},{"taxonomy":"product_tag","embeddable":true,"href":"https:\/\/shop.ostberg.com\/no\/wp-json\/wp\/v2\/product_tag?post=6872"}],"curies":[{"name":"wp","href":"https:\/\/api.w.org\/{rel}","templated":true}]}}