{"id":6868,"date":"2023-10-18T12:56:35","date_gmt":"2023-10-18T10:56:35","guid":{"rendered":"https:\/\/shop.ostberg.com\/no\/product\/rorpakke-3\/"},"modified":"2026-04-15T04:35:46","modified_gmt":"2026-04-15T02:35:46","slug":"rorpakke-3","status":"publish","type":"product","link":"https:\/\/shop.ostberg.com\/no\/product\/rorpakke-3\/","title":{"rendered":"R\u00f8rpakke 3"},"content":{"rendered":"<div>Allaway r\u00f8ropplegg med 3 kontaktpunkter<br \/>Pakken inneholder:<\/p>\n<p>3 stk Optima vegginntak (hvit)<\/p>\n<p>20 stk St\u00f8vr\u00f8r \u00d844 mm, 1,2 m<\/p>\n<p>7 stk Vinkelr\u00f8r 90\u00b0<\/p>\n<p>9 stk Vinkelr\u00f8r 45\u00b0<\/p>\n<p>2 stk Grenr\u00f8r 45\u00b0<\/p>\n<p>1 stk Eksosventil<\/p>\n<p>5 stk Metallklemme<\/p>\n<p>40 stk R\u00f8rtetting<\/p>\n<p>1 stk Lavspentledning, 30 m<\/p>\n<p>3 stk Koblingsmuff<\/p>\n<p>1 stk Monteringsveiledning<\/p><\/div>\n","protected":false},"excerpt":{"rendered":"<p>Allaway r\u00f8ropplegg med 3 kontaktpunkterPakken inneholder: 3 stk Optima vegginntak (hvit) 20 stk St\u00f8vr\u00f8r \u00d844 mm, 1,2 m 7 stk Vinkelr\u00f8r 90\u00b0 9 stk Vinkelr\u00f8r 45\u00b0 2 stk Grenr\u00f8r 45\u00b0 1 stk Eksosventil 5 stk Metallklemme 40 stk R\u00f8rtetting 1 stk Lavspentledning, 30 m 3 stk Koblingsmuff 1 stk Monteringsveiledning<\/p>\n","protected":false},"featured_media":300163,"template":"","meta":{"inline_featured_image":false},"product_brand":[],"product_cat":[1168,1159,1164],"product_tag":[],"class_list":{"0":"post-6868","1":"product","2":"type-product","3":"status-publish","4":"has-post-thumbnail","6":"product_cat-rorpakker","7":"product_cat-sentralstovsuger","8":"product_cat-tilbehor","10":"first","11":"instock","12":"taxable","13":"shipping-taxable","14":"purchasable","15":"product-type-simple"},"_links":{"self":[{"href":"https:\/\/shop.ostberg.com\/no\/wp-json\/wp\/v2\/product\/6868","targetHints":{"allow":["GET"]}}],"collection":[{"href":"https:\/\/shop.ostberg.com\/no\/wp-json\/wp\/v2\/product"}],"about":[{"href":"https:\/\/shop.ostberg.com\/no\/wp-json\/wp\/v2\/types\/product"}],"wp:featuredmedia":[{"embeddable":true,"href":"https:\/\/shop.ostberg.com\/no\/wp-json\/wp\/v2\/media\/300163"}],"wp:attachment":[{"href":"https:\/\/shop.ostberg.com\/no\/wp-json\/wp\/v2\/media?parent=6868"}],"wp:term":[{"taxonomy":"product_brand","embeddable":true,"href":"https:\/\/shop.ostberg.com\/no\/wp-json\/wp\/v2\/product_brand?post=6868"},{"taxonomy":"product_cat","embeddable":true,"href":"https:\/\/shop.ostberg.com\/no\/wp-json\/wp\/v2\/product_cat?post=6868"},{"taxonomy":"product_tag","embeddable":true,"href":"https:\/\/shop.ostberg.com\/no\/wp-json\/wp\/v2\/product_tag?post=6868"}],"curies":[{"name":"wp","href":"https:\/\/api.w.org\/{rel}","templated":true}]}}