{"id":6866,"date":"2023-10-18T12:56:33","date_gmt":"2023-10-18T10:56:33","guid":{"rendered":"https:\/\/shop.ostberg.com\/no\/product\/skjotemuffe-44-mm\/"},"modified":"2026-05-13T04:31:16","modified_gmt":"2026-05-13T02:31:16","slug":"skjotemuffe-44-mm","status":"publish","type":"product","link":"https:\/\/shop.ostberg.com\/no\/product\/skjotemuffe-44-mm\/","title":{"rendered":"Skj\u00f8temuffe  44 mm"},"content":{"rendered":"<div>En skj\u00f8temuffe kan brukes til \u00e5 koble sammen to ermel\u00f8se\/kuttede r\u00f8r.<br \/>En skj\u00f8temuffe kan brukes til \u00e5 koble to kuttede, ermel\u00f8se r\u00f8r til hverandre.<br \/>Det er enkelt \u00e5 kutte r\u00f8ret til \u00f8nsket lengde, og bruk av en koblingsmoffe minimerer tapet av r\u00f8r.<\/div>\n","protected":false},"excerpt":{"rendered":"<p>En skj\u00f8temuffe kan brukes til \u00e5 koble sammen to ermel\u00f8se\/kuttede r\u00f8r.En skj\u00f8temuffe kan brukes til \u00e5 koble to kuttede, ermel\u00f8se r\u00f8r til hverandre.Det er enkelt \u00e5 kutte r\u00f8ret til \u00f8nsket lengde, og bruk av en koblingsmoffe minimerer tapet av r\u00f8r.<\/p>\n","protected":false},"featured_media":314170,"template":"","meta":{"inline_featured_image":false},"product_brand":[],"product_cat":[1165,1159,1164],"product_tag":[],"class_list":{"0":"post-6866","1":"product","2":"type-product","3":"status-publish","4":"has-post-thumbnail","6":"product_cat-rordeler","7":"product_cat-sentralstovsuger","8":"product_cat-tilbehor","10":"first","11":"instock","12":"taxable","13":"shipping-taxable","14":"purchasable","15":"product-type-simple"},"_links":{"self":[{"href":"https:\/\/shop.ostberg.com\/no\/wp-json\/wp\/v2\/product\/6866","targetHints":{"allow":["GET"]}}],"collection":[{"href":"https:\/\/shop.ostberg.com\/no\/wp-json\/wp\/v2\/product"}],"about":[{"href":"https:\/\/shop.ostberg.com\/no\/wp-json\/wp\/v2\/types\/product"}],"wp:featuredmedia":[{"embeddable":true,"href":"https:\/\/shop.ostberg.com\/no\/wp-json\/wp\/v2\/media\/314170"}],"wp:attachment":[{"href":"https:\/\/shop.ostberg.com\/no\/wp-json\/wp\/v2\/media?parent=6866"}],"wp:term":[{"taxonomy":"product_brand","embeddable":true,"href":"https:\/\/shop.ostberg.com\/no\/wp-json\/wp\/v2\/product_brand?post=6866"},{"taxonomy":"product_cat","embeddable":true,"href":"https:\/\/shop.ostberg.com\/no\/wp-json\/wp\/v2\/product_cat?post=6866"},{"taxonomy":"product_tag","embeddable":true,"href":"https:\/\/shop.ostberg.com\/no\/wp-json\/wp\/v2\/product_tag?post=6866"}],"curies":[{"name":"wp","href":"https:\/\/api.w.org\/{rel}","templated":true}]}}