{"id":6859,"date":"2023-10-18T12:56:27","date_gmt":"2023-10-18T10:56:27","guid":{"rendered":"https:\/\/shop.ostberg.com\/no\/product\/base-stal-for-veggmontasje-kontakter-u\/"},"modified":"2026-04-15T04:35:23","modified_gmt":"2026-04-15T02:35:23","slug":"base-stal-for-veggmontasje-kontakter-u","status":"publish","type":"product","link":"https:\/\/shop.ostberg.com\/no\/product\/base-stal-for-veggmontasje-kontakter-u\/","title":{"rendered":"Base, st\u00e5l for veggmontasje kontakter U"},"content":{"rendered":"<div>Stikkontakt for overflatemontering i rustfritt st\u00e5l tilgjengelig i krom eller hvit.<br \/>Inntaksramme i rustfritt st\u00e5l l\u00f8ftet installasjon krom.<\/div>\n","protected":false},"excerpt":{"rendered":"<p>Stikkontakt for overflatemontering i rustfritt st\u00e5l tilgjengelig i krom eller hvit.Inntaksramme i rustfritt st\u00e5l l\u00f8ftet installasjon krom.<\/p>\n","protected":false},"featured_media":300158,"template":"","meta":{"inline_featured_image":false},"product_brand":[],"product_cat":[1165,1159,1164],"product_tag":[],"class_list":{"0":"post-6859","1":"product","2":"type-product","3":"status-publish","4":"has-post-thumbnail","6":"product_cat-rordeler","7":"product_cat-sentralstovsuger","8":"product_cat-tilbehor","10":"first","11":"instock","12":"taxable","13":"shipping-taxable","14":"purchasable","15":"product-type-simple"},"_links":{"self":[{"href":"https:\/\/shop.ostberg.com\/no\/wp-json\/wp\/v2\/product\/6859","targetHints":{"allow":["GET"]}}],"collection":[{"href":"https:\/\/shop.ostberg.com\/no\/wp-json\/wp\/v2\/product"}],"about":[{"href":"https:\/\/shop.ostberg.com\/no\/wp-json\/wp\/v2\/types\/product"}],"wp:featuredmedia":[{"embeddable":true,"href":"https:\/\/shop.ostberg.com\/no\/wp-json\/wp\/v2\/media\/300158"}],"wp:attachment":[{"href":"https:\/\/shop.ostberg.com\/no\/wp-json\/wp\/v2\/media?parent=6859"}],"wp:term":[{"taxonomy":"product_brand","embeddable":true,"href":"https:\/\/shop.ostberg.com\/no\/wp-json\/wp\/v2\/product_brand?post=6859"},{"taxonomy":"product_cat","embeddable":true,"href":"https:\/\/shop.ostberg.com\/no\/wp-json\/wp\/v2\/product_cat?post=6859"},{"taxonomy":"product_tag","embeddable":true,"href":"https:\/\/shop.ostberg.com\/no\/wp-json\/wp\/v2\/product_tag?post=6859"}],"curies":[{"name":"wp","href":"https:\/\/api.w.org\/{rel}","templated":true}]}}