{"id":6851,"date":"2023-10-18T12:56:19","date_gmt":"2023-10-18T10:56:19","guid":{"rendered":"https:\/\/shop.ostberg.com\/no\/product\/kontakt-med-mikrobryter\/"},"modified":"2026-04-15T04:35:03","modified_gmt":"2026-04-15T02:35:03","slug":"kontakt-med-mikrobryter","status":"publish","type":"product","link":"https:\/\/shop.ostberg.com\/no\/product\/kontakt-med-mikrobryter\/","title":{"rendered":"Kontakt med mikrobryter"},"content":{"rendered":"<div>Den nye dekselmontasjen gj\u00f8r det mulig \u00e5 bruke b\u00e5de rengj\u00f8ringsutstyr med h\u00e5ndtaksstart og rengj\u00f8ringsutstyr med Click muff.<br \/>Classic dekselsammenstillingen kan kobles til for bruk for vegginntaksstart eller h\u00e5ndtaksstart. Allaway anbefaler at dekselmontasjen monteres ved hjelp av s\u00e5kalt dobbel kobling, som muliggj\u00f8r begge startmetodene.<\/div>\n","protected":false},"excerpt":{"rendered":"<p>Den nye dekselmontasjen gj\u00f8r det mulig \u00e5 bruke b\u00e5de rengj\u00f8ringsutstyr med h\u00e5ndtaksstart og rengj\u00f8ringsutstyr med Click muff.Classic dekselsammenstillingen kan kobles til for bruk for vegginntaksstart eller h\u00e5ndtaksstart. Allaway anbefaler at dekselmontasjen monteres ved hjelp av s\u00e5kalt dobbel kobling, som muliggj\u00f8r begge startmetodene.<\/p>\n","protected":false},"featured_media":300154,"template":"","meta":{"inline_featured_image":false},"product_brand":[],"product_cat":[1165,1159,1164],"product_tag":[],"class_list":{"0":"post-6851","1":"product","2":"type-product","3":"status-publish","4":"has-post-thumbnail","6":"product_cat-rordeler","7":"product_cat-sentralstovsuger","8":"product_cat-tilbehor","10":"first","11":"instock","12":"taxable","13":"shipping-taxable","14":"purchasable","15":"product-type-simple"},"_links":{"self":[{"href":"https:\/\/shop.ostberg.com\/no\/wp-json\/wp\/v2\/product\/6851","targetHints":{"allow":["GET"]}}],"collection":[{"href":"https:\/\/shop.ostberg.com\/no\/wp-json\/wp\/v2\/product"}],"about":[{"href":"https:\/\/shop.ostberg.com\/no\/wp-json\/wp\/v2\/types\/product"}],"wp:featuredmedia":[{"embeddable":true,"href":"https:\/\/shop.ostberg.com\/no\/wp-json\/wp\/v2\/media\/300154"}],"wp:attachment":[{"href":"https:\/\/shop.ostberg.com\/no\/wp-json\/wp\/v2\/media?parent=6851"}],"wp:term":[{"taxonomy":"product_brand","embeddable":true,"href":"https:\/\/shop.ostberg.com\/no\/wp-json\/wp\/v2\/product_brand?post=6851"},{"taxonomy":"product_cat","embeddable":true,"href":"https:\/\/shop.ostberg.com\/no\/wp-json\/wp\/v2\/product_cat?post=6851"},{"taxonomy":"product_tag","embeddable":true,"href":"https:\/\/shop.ostberg.com\/no\/wp-json\/wp\/v2\/product_tag?post=6851"}],"curies":[{"name":"wp","href":"https:\/\/api.w.org\/{rel}","templated":true}]}}