{"id":6845,"date":"2023-10-18T12:56:13","date_gmt":"2023-10-18T10:56:13","guid":{"rendered":"https:\/\/shop.ostberg.com\/no\/product\/lasemuffe-15-stk\/"},"modified":"2026-04-15T04:34:48","modified_gmt":"2026-04-15T02:34:48","slug":"lasemuffe-15-stk","status":"publish","type":"product","link":"https:\/\/shop.ostberg.com\/no\/product\/lasemuffe-15-stk\/","title":{"rendered":"L\u00e5semuffe, 15 stk"},"content":{"rendered":"<div>Forsegler delene av et r\u00f8rsystem s\u00f8ml\u00f8st sammen.<\/div>\n","protected":false},"excerpt":{"rendered":"<p>Forsegler delene av et r\u00f8rsystem s\u00f8ml\u00f8st sammen.<\/p>\n","protected":false},"featured_media":300151,"template":"","meta":{"inline_featured_image":false},"product_brand":[],"product_cat":[1165,1159,1164],"product_tag":[],"class_list":{"0":"post-6845","1":"product","2":"type-product","3":"status-publish","4":"has-post-thumbnail","6":"product_cat-rordeler","7":"product_cat-sentralstovsuger","8":"product_cat-tilbehor","10":"first","11":"instock","12":"taxable","13":"shipping-taxable","14":"purchasable","15":"product-type-simple"},"_links":{"self":[{"href":"https:\/\/shop.ostberg.com\/no\/wp-json\/wp\/v2\/product\/6845","targetHints":{"allow":["GET"]}}],"collection":[{"href":"https:\/\/shop.ostberg.com\/no\/wp-json\/wp\/v2\/product"}],"about":[{"href":"https:\/\/shop.ostberg.com\/no\/wp-json\/wp\/v2\/types\/product"}],"wp:featuredmedia":[{"embeddable":true,"href":"https:\/\/shop.ostberg.com\/no\/wp-json\/wp\/v2\/media\/300151"}],"wp:attachment":[{"href":"https:\/\/shop.ostberg.com\/no\/wp-json\/wp\/v2\/media?parent=6845"}],"wp:term":[{"taxonomy":"product_brand","embeddable":true,"href":"https:\/\/shop.ostberg.com\/no\/wp-json\/wp\/v2\/product_brand?post=6845"},{"taxonomy":"product_cat","embeddable":true,"href":"https:\/\/shop.ostberg.com\/no\/wp-json\/wp\/v2\/product_cat?post=6845"},{"taxonomy":"product_tag","embeddable":true,"href":"https:\/\/shop.ostberg.com\/no\/wp-json\/wp\/v2\/product_tag?post=6845"}],"curies":[{"name":"wp","href":"https:\/\/api.w.org\/{rel}","templated":true}]}}