{"id":6791,"date":"2023-10-18T12:55:39","date_gmt":"2023-10-18T10:55:39","guid":{"rendered":"https:\/\/shop.ostberg.com\/no\/product\/bsv-100\/"},"modified":"2026-04-30T04:42:01","modified_gmt":"2026-04-30T02:42:01","slug":"bsv-100","status":"publish","type":"product","link":"https:\/\/shop.ostberg.com\/no\/product\/bsv-100\/","title":{"rendered":"BSV 100"},"content":{"rendered":"<div>BSV er en kontaktbeskyttelse med vinklede braketter for montering p\u00e5 kanaler.<\/p>\n<p>B\u00f8r brukes p\u00e5 ikke-kanaliserte vifter for \u00e5 oppn\u00e5 beskyttelsesklasse IP 44.<\/p>\n<p>BSV er laget av galvaniserte rister.<\/p><\/div>\n","protected":false},"excerpt":{"rendered":"<p>BSV er en kontaktbeskyttelse med vinklede braketter for montering p\u00e5 kanaler. B\u00f8r brukes p\u00e5 ikke-kanaliserte vifter for \u00e5 oppn\u00e5 beskyttelsesklasse IP 44. BSV er laget av galvaniserte rister.<\/p>\n","protected":false},"featured_media":307623,"template":"","meta":{"inline_featured_image":false},"product_brand":[],"product_cat":[1046,1044,1034,960],"product_tag":[],"class_list":{"0":"post-6791","1":"product","2":"type-product","3":"status-publish","4":"has-post-thumbnail","6":"product_cat-beroringsbeskyttelse-bsv","7":"product_cat-montering-og-installasjon","8":"product_cat-tilbehor-mekanisk","9":"product_cat-vifter","11":"first","12":"instock","13":"taxable","14":"shipping-taxable","15":"purchasable","16":"product-type-simple"},"_links":{"self":[{"href":"https:\/\/shop.ostberg.com\/no\/wp-json\/wp\/v2\/product\/6791","targetHints":{"allow":["GET"]}}],"collection":[{"href":"https:\/\/shop.ostberg.com\/no\/wp-json\/wp\/v2\/product"}],"about":[{"href":"https:\/\/shop.ostberg.com\/no\/wp-json\/wp\/v2\/types\/product"}],"wp:featuredmedia":[{"embeddable":true,"href":"https:\/\/shop.ostberg.com\/no\/wp-json\/wp\/v2\/media\/307623"}],"wp:attachment":[{"href":"https:\/\/shop.ostberg.com\/no\/wp-json\/wp\/v2\/media?parent=6791"}],"wp:term":[{"taxonomy":"product_brand","embeddable":true,"href":"https:\/\/shop.ostberg.com\/no\/wp-json\/wp\/v2\/product_brand?post=6791"},{"taxonomy":"product_cat","embeddable":true,"href":"https:\/\/shop.ostberg.com\/no\/wp-json\/wp\/v2\/product_cat?post=6791"},{"taxonomy":"product_tag","embeddable":true,"href":"https:\/\/shop.ostberg.com\/no\/wp-json\/wp\/v2\/product_tag?post=6791"}],"curies":[{"name":"wp","href":"https:\/\/api.w.org\/{rel}","templated":true}]}}