{"id":6786,"date":"2023-10-18T12:55:36","date_gmt":"2023-10-18T10:55:36","guid":{"rendered":"https:\/\/shop.ostberg.com\/no\/product\/iq-reg-ec-h-fuktighet\/"},"modified":"2026-04-12T04:27:37","modified_gmt":"2026-04-12T02:27:37","slug":"iq-reg-ec-h-fuktighet","status":"publish","type":"product","link":"https:\/\/shop.ostberg.com\/no\/product\/iq-reg-ec-h-fuktighet\/","title":{"rendered":"IQ-Reg EC H, Fuktighet"},"content":{"rendered":"<div>Regulator for EC -motorer.<\/p>\n<p>Regulator med 0 &#8230; 10 V utgangssignal for styring av f.eks. en EC -vifte eller spjeld.<\/p>\n<p>IQ-Reg EC er en frittst\u00e5ende enhet som inneholder en kontroller og sensor. Dette gj\u00f8r at du kan spare p\u00e5 komponentkostnader, noe som resulterer i en billigere og enklere installasjon.<\/p>\n<p>Diskret, stilig design som passer for alle innend\u00f8rs milj\u00f8er IQ-Reg EC er perfekt egnet for behovsstyrt ventilasjon og bidrar til et sunt romklima og reduserte energikostnader. Enheten har et reversibelt utgangssignal som tillater kontroll av enten oppvarming eller kj\u00f8ling, fukting eller avfukting.<\/p>\n<p>Kontrollmodusen endres bare ved \u00e5 flytte en jumper.<\/p>\n<p>Temperaturinnstillingsverdien endres enkelt med hjulet p\u00e5 h\u00f8yre side av foringsr\u00f8ret. Dreiebryteren for CO2 -settpunktet er plassert inne i huset.<\/p>\n<p><\/p>\n<ul>\n<li><span>IQ-Reg EC T\/CO2<\/span> (ALC230A): Kombinert CO2- og temperaturkontroll. Justerbart settpunkt, P-b\u00e5nd og I-tid.<\/li>\n<p><\/p>\n<li><span>IQ-Reg EC H <\/span>(ALH230A): Fuktighetssensor og kontroller. Justerbart settpunkt og P-b\u00e5nd.<\/li>\n<p><\/p>\n<li><span>IQ-Reg EC T<\/span> (AL230A): Romtemperaturf\u00f8ler og kontroller. Justerbart settpunkt, P-b\u00e5nd og I-tid.<\/li>\n<\/ul>\n<p>Enheten er beregnet for montering p\u00e5 en standard enhetsboks og drives av 230 V. Ingen transformator er n\u00f8dvendig.<\/p><\/div>\n","protected":false},"excerpt":{"rendered":"<p>Regulator for EC -motorer. Regulator med 0 &#8230; 10 V utgangssignal for styring av f.eks. en EC -vifte eller spjeld. IQ-Reg EC er en frittst\u00e5ende enhet som inneholder en kontroller og sensor. Dette gj\u00f8r at du kan spare p\u00e5 komponentkostnader, noe som resulterer i en billigere og enklere installasjon. Diskret, stilig design som passer for [&hellip;]<\/p>\n","protected":false},"featured_media":298611,"template":"","meta":{"inline_featured_image":false},"product_brand":[],"product_cat":[1076,1069,1068,960],"product_tag":[1397],"class_list":{"0":"post-6786","1":"product","2":"type-product","3":"status-publish","4":"has-post-thumbnail","6":"product_cat-kontrollere-ec","7":"product_cat-styringar-og-regulatorer","8":"product_cat-tilbehor-elektrisk","9":"product_cat-vifter","10":"product_tag-kampanje-vifter-tilbehor","12":"first","13":"instock","14":"taxable","15":"shipping-taxable","16":"purchasable","17":"product-type-simple"},"_links":{"self":[{"href":"https:\/\/shop.ostberg.com\/no\/wp-json\/wp\/v2\/product\/6786","targetHints":{"allow":["GET"]}}],"collection":[{"href":"https:\/\/shop.ostberg.com\/no\/wp-json\/wp\/v2\/product"}],"about":[{"href":"https:\/\/shop.ostberg.com\/no\/wp-json\/wp\/v2\/types\/product"}],"wp:featuredmedia":[{"embeddable":true,"href":"https:\/\/shop.ostberg.com\/no\/wp-json\/wp\/v2\/media\/298611"}],"wp:attachment":[{"href":"https:\/\/shop.ostberg.com\/no\/wp-json\/wp\/v2\/media?parent=6786"}],"wp:term":[{"taxonomy":"product_brand","embeddable":true,"href":"https:\/\/shop.ostberg.com\/no\/wp-json\/wp\/v2\/product_brand?post=6786"},{"taxonomy":"product_cat","embeddable":true,"href":"https:\/\/shop.ostberg.com\/no\/wp-json\/wp\/v2\/product_cat?post=6786"},{"taxonomy":"product_tag","embeddable":true,"href":"https:\/\/shop.ostberg.com\/no\/wp-json\/wp\/v2\/product_tag?post=6786"}],"curies":[{"name":"wp","href":"https:\/\/api.w.org\/{rel}","templated":true}]}}