{"id":6770,"date":"2023-10-18T12:55:28","date_gmt":"2023-10-18T10:55:28","guid":{"rendered":"https:\/\/shop.ostberg.com\/no\/product\/vrs-2-0-u-utenpaliggende\/"},"modified":"2026-04-12T04:26:55","modified_gmt":"2026-04-12T02:26:55","slug":"vrs-2-0-u-utenpaliggende","status":"publish","type":"product","link":"https:\/\/shop.ostberg.com\/no\/product\/vrs-2-0-u-utenpaliggende\/","title":{"rendered":"VRS 2.5 U Utenp\u00e5liggende"},"content":{"rendered":"<div>VRS for manuell variabel hastighetsregulering av enfasede vekselstr\u00f8msmotorer.<\/p>\n<p>Minimumshastigheten settes ved hjelp av en skrue under knappen.<br \/>Kontrolleren er sertifisert og godkjent i samsvar med forskrifter for elektrisk sikkerhet og forstyrrelser p\u00e5 alle markeder.<\/p>\n<p>Passer b\u00e5de innfelt og utenp\u00e5liggende montering.<\/p><\/div>\n","protected":false},"excerpt":{"rendered":"<p>VRS for manuell variabel hastighetsregulering av enfasede vekselstr\u00f8msmotorer. Minimumshastigheten settes ved hjelp av en skrue under knappen.Kontrolleren er sertifisert og godkjent i samsvar med forskrifter for elektrisk sikkerhet og forstyrrelser p\u00e5 alle markeder. Passer b\u00e5de innfelt og utenp\u00e5liggende montering.<\/p>\n","protected":false},"featured_media":298602,"template":"","meta":{"inline_featured_image":false},"product_brand":[],"product_cat":[1073,1069,1068,960],"product_tag":[],"class_list":{"0":"post-6770","1":"product","2":"type-product","3":"status-publish","4":"has-post-thumbnail","6":"product_cat-hastighetsregulator-ac","7":"product_cat-styringar-og-regulatorer","8":"product_cat-tilbehor-elektrisk","9":"product_cat-vifter","11":"first","12":"instock","13":"taxable","14":"shipping-taxable","15":"purchasable","16":"product-type-simple"},"_links":{"self":[{"href":"https:\/\/shop.ostberg.com\/no\/wp-json\/wp\/v2\/product\/6770","targetHints":{"allow":["GET"]}}],"collection":[{"href":"https:\/\/shop.ostberg.com\/no\/wp-json\/wp\/v2\/product"}],"about":[{"href":"https:\/\/shop.ostberg.com\/no\/wp-json\/wp\/v2\/types\/product"}],"wp:featuredmedia":[{"embeddable":true,"href":"https:\/\/shop.ostberg.com\/no\/wp-json\/wp\/v2\/media\/298602"}],"wp:attachment":[{"href":"https:\/\/shop.ostberg.com\/no\/wp-json\/wp\/v2\/media?parent=6770"}],"wp:term":[{"taxonomy":"product_brand","embeddable":true,"href":"https:\/\/shop.ostberg.com\/no\/wp-json\/wp\/v2\/product_brand?post=6770"},{"taxonomy":"product_cat","embeddable":true,"href":"https:\/\/shop.ostberg.com\/no\/wp-json\/wp\/v2\/product_cat?post=6770"},{"taxonomy":"product_tag","embeddable":true,"href":"https:\/\/shop.ostberg.com\/no\/wp-json\/wp\/v2\/product_tag?post=6770"}],"curies":[{"name":"wp","href":"https:\/\/api.w.org\/{rel}","templated":true}]}}