{"id":6758,"date":"2023-10-18T12:55:20","date_gmt":"2023-10-18T10:55:20","guid":{"rendered":"https:\/\/shop.ostberg.com\/no\/product\/rs-100-c1-aut-tp\/"},"modified":"2026-04-12T04:26:28","modified_gmt":"2026-04-12T02:26:28","slug":"rs-100-c1-aut-tp","status":"publish","type":"product","link":"https:\/\/shop.ostberg.com\/no\/product\/rs-100-c1-aut-tp\/","title":{"rendered":"RS 100 C1 aut tc"},"content":{"rendered":"<div>\n<ul>\n<li>Avtrekksvifte til vegg med sirkul\u00e6rt innl\u00f8p.<\/li>\n<li>Konstruert for utvendig montering.<\/li>\n<li>Viftehjul med bakoverb\u00f8yde skovler.<\/li>\n<li>Den ytre rotormotoren har vedlikeholdsfrie dobbeltlukkede kulelager.<\/li>\n<li>Innebygd motorvern.<\/li>\n<li>Tilkoblingsboks med beskyttelsesklasse IP 54.<\/li>\n<li>Transformator eller tyristor kan kobles til for hastighetskontroll.<\/li>\n<li>Viftekarosseriet er produsert i galvanisert st\u00e5l.<\/li>\n<li>Svartlakkert for best holdbarhet.<\/li>\n<li>For \u00e5 m\u00f8te kravene i ErP 2018 m\u00e5\u00a0 en lokal behovsstyring benyttes.<\/li>\n<\/ul>\n<\/div>\n","protected":false},"excerpt":{"rendered":"<p>Avtrekksvifte til vegg med sirkul\u00e6rt innl\u00f8p. Konstruert for utvendig montering. Viftehjul med bakoverb\u00f8yde skovler. Den ytre rotormotoren har vedlikeholdsfrie dobbeltlukkede kulelager. Innebygd motorvern. Tilkoblingsboks med beskyttelsesklasse IP 54. Transformator eller tyristor kan kobles til for hastighetskontroll. Viftekarosseriet er produsert i galvanisert st\u00e5l. Svartlakkert for best holdbarhet. For \u00e5 m\u00f8te kravene i ErP 2018 m\u00e5\u00a0 en [&hellip;]<\/p>\n","protected":false},"featured_media":298598,"template":"","meta":{"inline_featured_image":false},"product_brand":[],"product_cat":[1011,1008,960],"product_tag":[1396],"class_list":{"0":"post-6758","1":"product","2":"type-product","3":"status-publish","4":"has-post-thumbnail","6":"product_cat-rs-ac","7":"product_cat-veggvifter","8":"product_cat-vifter","9":"product_tag-kampanje-vifter","11":"first","12":"instock","13":"taxable","14":"shipping-taxable","15":"purchasable","16":"product-type-simple"},"_links":{"self":[{"href":"https:\/\/shop.ostberg.com\/no\/wp-json\/wp\/v2\/product\/6758","targetHints":{"allow":["GET"]}}],"collection":[{"href":"https:\/\/shop.ostberg.com\/no\/wp-json\/wp\/v2\/product"}],"about":[{"href":"https:\/\/shop.ostberg.com\/no\/wp-json\/wp\/v2\/types\/product"}],"wp:featuredmedia":[{"embeddable":true,"href":"https:\/\/shop.ostberg.com\/no\/wp-json\/wp\/v2\/media\/298598"}],"wp:attachment":[{"href":"https:\/\/shop.ostberg.com\/no\/wp-json\/wp\/v2\/media?parent=6758"}],"wp:term":[{"taxonomy":"product_brand","embeddable":true,"href":"https:\/\/shop.ostberg.com\/no\/wp-json\/wp\/v2\/product_brand?post=6758"},{"taxonomy":"product_cat","embeddable":true,"href":"https:\/\/shop.ostberg.com\/no\/wp-json\/wp\/v2\/product_cat?post=6758"},{"taxonomy":"product_tag","embeddable":true,"href":"https:\/\/shop.ostberg.com\/no\/wp-json\/wp\/v2\/product_tag?post=6758"}],"curies":[{"name":"wp","href":"https:\/\/api.w.org\/{rel}","templated":true}]}}