{"id":6750,"date":"2023-10-18T12:55:13","date_gmt":"2023-10-18T10:55:13","guid":{"rendered":"https:\/\/shop.ostberg.com\/no\/product\/tks-400-c1-black-w-cable\/"},"modified":"2026-04-12T04:26:10","modified_gmt":"2026-04-12T02:26:10","slug":"tks-400-c1-black-w-cable","status":"publish","type":"product","link":"https:\/\/shop.ostberg.com\/no\/product\/tks-400-c1-black-w-cable\/","title":{"rendered":"TKS 400 C1 Sort med str\u00f8mkabel"},"content":{"rendered":"<div>\n<ul>\n<li>Takvifte med firkantet tilkobling.<\/li>\n<li>Horisontal utbl\u00e5sning.<\/li>\n<li>H\u00f8y ytelse og p\u00e5litelighet.<\/li>\n<li>Kan brukes p\u00e5 b\u00e5de 50 og 60 Hz.<\/li>\n<li>Viftehjul med bakoverb\u00f8yde skovler.<\/li>\n<li>Den ytre rotormotoren har vedlikeholdsfrie dobbeltlukkede kulelager.<\/li>\n<li>Innebygd motorvern.<\/li>\n<li>Tilkoblingsboks med beskyttelsesklasse IP 54.<\/li>\n<li>Transformator eller tyristor kan kobles til for hastighetskontroll.<\/li>\n<li>Viftekarosseriet er laget av galvanisert st\u00e5l som er pulverlakkert i sort eller mursteinr\u00f8d som standard.<\/li>\n<li>Swing-up design for enkelt vedlikehold og rengj\u00f8ring av viftehjulet.<\/li>\n<li>Takvifte monteres enklest med takgjennomf\u00f8ring TFU for TKS.<\/li>\n<li>Viften oppfyller milj\u00f8krav M2.<\/li>\n<\/ul>\n<\/div>\n","protected":false},"excerpt":{"rendered":"<p>Takvifte med firkantet tilkobling. Horisontal utbl\u00e5sning. H\u00f8y ytelse og p\u00e5litelighet. Kan brukes p\u00e5 b\u00e5de 50 og 60 Hz. Viftehjul med bakoverb\u00f8yde skovler. Den ytre rotormotoren har vedlikeholdsfrie dobbeltlukkede kulelager. Innebygd motorvern. Tilkoblingsboks med beskyttelsesklasse IP 54. Transformator eller tyristor kan kobles til for hastighetskontroll. Viftekarosseriet er laget av galvanisert st\u00e5l som er pulverlakkert i sort [&hellip;]<\/p>\n","protected":false},"featured_media":298593,"template":"","meta":{"inline_featured_image":false},"product_brand":[],"product_cat":[1017,1023,960],"product_tag":[1396],"class_list":{"0":"post-6750","1":"product","2":"type-product","3":"status-publish","4":"has-post-thumbnail","6":"product_cat-takvifter","7":"product_cat-tks-ac","8":"product_cat-vifter","9":"product_tag-kampanje-vifter","11":"first","12":"instock","13":"taxable","14":"shipping-taxable","15":"purchasable","16":"product-type-simple"},"_links":{"self":[{"href":"https:\/\/shop.ostberg.com\/no\/wp-json\/wp\/v2\/product\/6750","targetHints":{"allow":["GET"]}}],"collection":[{"href":"https:\/\/shop.ostberg.com\/no\/wp-json\/wp\/v2\/product"}],"about":[{"href":"https:\/\/shop.ostberg.com\/no\/wp-json\/wp\/v2\/types\/product"}],"wp:featuredmedia":[{"embeddable":true,"href":"https:\/\/shop.ostberg.com\/no\/wp-json\/wp\/v2\/media\/298593"}],"wp:attachment":[{"href":"https:\/\/shop.ostberg.com\/no\/wp-json\/wp\/v2\/media?parent=6750"}],"wp:term":[{"taxonomy":"product_brand","embeddable":true,"href":"https:\/\/shop.ostberg.com\/no\/wp-json\/wp\/v2\/product_brand?post=6750"},{"taxonomy":"product_cat","embeddable":true,"href":"https:\/\/shop.ostberg.com\/no\/wp-json\/wp\/v2\/product_cat?post=6750"},{"taxonomy":"product_tag","embeddable":true,"href":"https:\/\/shop.ostberg.com\/no\/wp-json\/wp\/v2\/product_tag?post=6750"}],"curies":[{"name":"wp","href":"https:\/\/api.w.org\/{rel}","templated":true}]}}