{"id":6733,"date":"2023-10-18T12:54:59","date_gmt":"2023-10-18T10:54:59","guid":{"rendered":"https:\/\/shop.ostberg.com\/no\/product\/kvfu-125-c1-aut-tp\/"},"modified":"2026-04-12T04:25:31","modified_gmt":"2026-04-12T02:25:31","slug":"kvfu-125-c1-aut-tp","status":"publish","type":"product","link":"https:\/\/shop.ostberg.com\/no\/product\/kvfu-125-c1-aut-tp\/","title":{"rendered":"KVFU 125 C1 aut tc"},"content":{"rendered":"<div>\n<ul>\n<li>Veggvifte med sirkul\u00e6rt innl\u00f8p.<\/li>\n<li>KV har en firkantet monteringsplate.<\/li>\n<li>H\u00f8y ytelse og p\u00e5litelighet.<\/li>\n<li>Kompakt med h\u00f8y kapasitet og virkningsgrad.<\/li>\n<li>Passer for en rekke bruksomr\u00e5der.<\/li>\n<li>Kan brukes p\u00e5 b\u00e5de 50 og 60 Hz.<\/li>\n<li>Viftehjul med bakoverb\u00f8yde skovler.<\/li>\n<li>Den ytre rotormotoren har vedlikeholdsfrie dobbeltlukkede kulelager.<\/li>\n<li>Innebygd motorvern.<\/li>\n<li>Tilkoblingsboks med beskyttelsesklasse IP 54.<\/li>\n<li>Transformator eller tyristor kan kobles til for hastighetskontroll.<\/li>\n<li>Viftekarosseriet er produsert i galvanisert st\u00e5l.<\/li>\n<li>Viften er beregnet for installasjon i kanalsystemer, innvendig.<\/li>\n<li>Enkel installasjon i valgfri posisjon.<\/li>\n<li>Kan ogs\u00e5 brukes i fuktige milj\u00f8er.<\/li>\n<li>For \u00e5 m\u00f8te kravene i ErP 2018 m\u00e5\u00a0 en lokal behovsstyring benyttes.<\/li>\n<\/ul>\n<\/div>\n","protected":false},"excerpt":{"rendered":"<p>Veggvifte med sirkul\u00e6rt innl\u00f8p. KV har en firkantet monteringsplate. H\u00f8y ytelse og p\u00e5litelighet. Kompakt med h\u00f8y kapasitet og virkningsgrad. Passer for en rekke bruksomr\u00e5der. Kan brukes p\u00e5 b\u00e5de 50 og 60 Hz. Viftehjul med bakoverb\u00f8yde skovler. Den ytre rotormotoren har vedlikeholdsfrie dobbeltlukkede kulelager. Innebygd motorvern. Tilkoblingsboks med beskyttelsesklasse IP 54. Transformator eller tyristor kan kobles [&hellip;]<\/p>\n","protected":false},"featured_media":298583,"template":"","meta":{"inline_featured_image":false},"product_brand":[],"product_cat":[1010,1008,960],"product_tag":[1396],"class_list":{"0":"post-6733","1":"product","2":"type-product","3":"status-publish","4":"has-post-thumbnail","6":"product_cat-kv-ac","7":"product_cat-veggvifter","8":"product_cat-vifter","9":"product_tag-kampanje-vifter","11":"first","12":"instock","13":"taxable","14":"shipping-taxable","15":"purchasable","16":"product-type-simple"},"_links":{"self":[{"href":"https:\/\/shop.ostberg.com\/no\/wp-json\/wp\/v2\/product\/6733","targetHints":{"allow":["GET"]}}],"collection":[{"href":"https:\/\/shop.ostberg.com\/no\/wp-json\/wp\/v2\/product"}],"about":[{"href":"https:\/\/shop.ostberg.com\/no\/wp-json\/wp\/v2\/types\/product"}],"wp:featuredmedia":[{"embeddable":true,"href":"https:\/\/shop.ostberg.com\/no\/wp-json\/wp\/v2\/media\/298583"}],"wp:attachment":[{"href":"https:\/\/shop.ostberg.com\/no\/wp-json\/wp\/v2\/media?parent=6733"}],"wp:term":[{"taxonomy":"product_brand","embeddable":true,"href":"https:\/\/shop.ostberg.com\/no\/wp-json\/wp\/v2\/product_brand?post=6733"},{"taxonomy":"product_cat","embeddable":true,"href":"https:\/\/shop.ostberg.com\/no\/wp-json\/wp\/v2\/product_cat?post=6733"},{"taxonomy":"product_tag","embeddable":true,"href":"https:\/\/shop.ostberg.com\/no\/wp-json\/wp\/v2\/product_tag?post=6733"}],"curies":[{"name":"wp","href":"https:\/\/api.w.org\/{rel}","templated":true}]}}