{"id":6717,"date":"2023-10-18T12:54:40","date_gmt":"2023-10-18T10:54:40","guid":{"rendered":"https:\/\/shop.ostberg.com\/no\/product\/ck-160-c1-ec-y1\/"},"modified":"2026-04-12T04:24:49","modified_gmt":"2026-04-12T02:24:49","slug":"ck-160-c1-ec-y1","status":"publish","type":"product","link":"https:\/\/shop.ostberg.com\/no\/product\/ck-160-c1-ec-y1\/","title":{"rendered":"CK 160 C1 EC-y1"},"content":{"rendered":"<div>\n<ul>\n<li>Kanalvifte med sirkul\u00e6r tilkobling.<\/li>\n<li>H\u00f8y ytelse og p\u00e5litelighet.<\/li>\n<li>Kompakt med h\u00f8y kapasitet og virkningsgrad.<\/li>\n<li>Lavt lydniv\u00e5.<\/li>\n<li>Viftehjul med bakoverb\u00f8yde skovler.<\/li>\n<li>Energieffektiv ytre rotormotor med vedlikeholdsfrie doble lukkede kulelager.<\/li>\n<li>Hastighetskontroll kan gj\u00f8res med det innebygde potensiometeret, 0-10 V alt. ekstern regulering.<\/li>\n<li>Innebygd motorvern.<\/li>\n<li>Tilkoblingsboks med beskyttelsesklasse IP 54.<\/li>\n<li>Viftekarosseriet er produsert i galvanisert st\u00e5l.<\/li>\n<li>Viften er beregnet for installasjon i et kanalsystem.<\/li>\n<li>En kanaltilkoblet vifte kan installeres utend\u00f8rs eller i v\u00e5trom.<\/li>\n<li>Enkel installasjon i valgfri posisjon.<\/li>\n<\/ul>\n<\/div>\n","protected":false},"excerpt":{"rendered":"<p>Kanalvifte med sirkul\u00e6r tilkobling. H\u00f8y ytelse og p\u00e5litelighet. Kompakt med h\u00f8y kapasitet og virkningsgrad. Lavt lydniv\u00e5. Viftehjul med bakoverb\u00f8yde skovler. Energieffektiv ytre rotormotor med vedlikeholdsfrie doble lukkede kulelager. Hastighetskontroll kan gj\u00f8res med det innebygde potensiometeret, 0-10 V alt. ekstern regulering. Innebygd motorvern. Tilkoblingsboks med beskyttelsesklasse IP 54. Viftekarosseriet er produsert i galvanisert st\u00e5l. Viften er [&hellip;]<\/p>\n","protected":false},"featured_media":298575,"template":"","meta":{"inline_featured_image":false},"product_brand":[],"product_cat":[979,970,969,960],"product_tag":[1396],"class_list":{"0":"post-6717","1":"product","2":"type-product","3":"status-publish","4":"has-post-thumbnail","6":"product_cat-ck-ec","7":"product_cat-ikke-isolert","8":"product_cat-sirkulaer-tilkobling","9":"product_cat-vifter","10":"product_tag-kampanje-vifter","12":"first","13":"instock","14":"taxable","15":"shipping-taxable","16":"purchasable","17":"product-type-simple"},"_links":{"self":[{"href":"https:\/\/shop.ostberg.com\/no\/wp-json\/wp\/v2\/product\/6717","targetHints":{"allow":["GET"]}}],"collection":[{"href":"https:\/\/shop.ostberg.com\/no\/wp-json\/wp\/v2\/product"}],"about":[{"href":"https:\/\/shop.ostberg.com\/no\/wp-json\/wp\/v2\/types\/product"}],"wp:featuredmedia":[{"embeddable":true,"href":"https:\/\/shop.ostberg.com\/no\/wp-json\/wp\/v2\/media\/298575"}],"wp:attachment":[{"href":"https:\/\/shop.ostberg.com\/no\/wp-json\/wp\/v2\/media?parent=6717"}],"wp:term":[{"taxonomy":"product_brand","embeddable":true,"href":"https:\/\/shop.ostberg.com\/no\/wp-json\/wp\/v2\/product_brand?post=6717"},{"taxonomy":"product_cat","embeddable":true,"href":"https:\/\/shop.ostberg.com\/no\/wp-json\/wp\/v2\/product_cat?post=6717"},{"taxonomy":"product_tag","embeddable":true,"href":"https:\/\/shop.ostberg.com\/no\/wp-json\/wp\/v2\/product_tag?post=6717"}],"curies":[{"name":"wp","href":"https:\/\/api.w.org\/{rel}","templated":true}]}}