{"id":6713,"date":"2023-10-18T12:54:35","date_gmt":"2023-10-18T10:54:35","guid":{"rendered":"https:\/\/shop.ostberg.com\/no\/product\/ck-315-c1-aut-tp\/"},"modified":"2026-04-12T04:24:38","modified_gmt":"2026-04-12T02:24:38","slug":"ck-315-c1-aut-tp","status":"publish","type":"product","link":"https:\/\/shop.ostberg.com\/no\/product\/ck-315-c1-aut-tp\/","title":{"rendered":"CK 315 C1 aut tc"},"content":{"rendered":"<div>\n<ul>\n<li>Kanalvifte med sirkul\u00e6r tilkobling.<\/li>\n<li>H\u00f8y ytelse og p\u00e5litelighet.<\/li>\n<li>Kompakt med h\u00f8y kapasitet og virkningsgrad.<\/li>\n<li>Lavt lydniv\u00e5.<\/li>\n<li>Viftehjul med bakoverb\u00f8yde skovler.<\/li>\n<li>Den ytre rotormotoren har vedlikeholdsfrie dobbeltlukkede kulelager.<\/li>\n<li>Innebygd motorvern.<\/li>\n<li>Tilkoblingsboks med beskyttelsesklasse IP 54.<\/li>\n<li>Transformator eller tyristor kan kobles til for hastighetskontroll.<\/li>\n<li>Viftekarosseriet er produsert i galvanisert st\u00e5l.<\/li>\n<li>Viften er beregnet for installasjon i et kanalsystem.<\/li>\n<li>En kanaltilkoblet vifte kan installeres utend\u00f8rs eller i v\u00e5trom.<\/li>\n<li>Enkel installasjon i valgfri posisjon.<\/li>\n<li>Dette produktet kan ikke hastighetsreguleres til under 165 V.<\/li>\n<\/ul>\n<\/div>\n","protected":false},"excerpt":{"rendered":"<p>Kanalvifte med sirkul\u00e6r tilkobling. H\u00f8y ytelse og p\u00e5litelighet. Kompakt med h\u00f8y kapasitet og virkningsgrad. Lavt lydniv\u00e5. Viftehjul med bakoverb\u00f8yde skovler. Den ytre rotormotoren har vedlikeholdsfrie dobbeltlukkede kulelager. Innebygd motorvern. Tilkoblingsboks med beskyttelsesklasse IP 54. Transformator eller tyristor kan kobles til for hastighetskontroll. Viftekarosseriet er produsert i galvanisert st\u00e5l. Viften er beregnet for installasjon i et [&hellip;]<\/p>\n","protected":false},"featured_media":298573,"template":"","meta":{"inline_featured_image":false},"product_brand":[],"product_cat":[971,970,969,960],"product_tag":[],"class_list":{"0":"post-6713","1":"product","2":"type-product","3":"status-publish","4":"has-post-thumbnail","6":"product_cat-ck-ac","7":"product_cat-ikke-isolert","8":"product_cat-sirkulaer-tilkobling","9":"product_cat-vifter","11":"first","12":"instock","13":"taxable","14":"shipping-taxable","15":"purchasable","16":"product-type-simple"},"_links":{"self":[{"href":"https:\/\/shop.ostberg.com\/no\/wp-json\/wp\/v2\/product\/6713","targetHints":{"allow":["GET"]}}],"collection":[{"href":"https:\/\/shop.ostberg.com\/no\/wp-json\/wp\/v2\/product"}],"about":[{"href":"https:\/\/shop.ostberg.com\/no\/wp-json\/wp\/v2\/types\/product"}],"wp:featuredmedia":[{"embeddable":true,"href":"https:\/\/shop.ostberg.com\/no\/wp-json\/wp\/v2\/media\/298573"}],"wp:attachment":[{"href":"https:\/\/shop.ostberg.com\/no\/wp-json\/wp\/v2\/media?parent=6713"}],"wp:term":[{"taxonomy":"product_brand","embeddable":true,"href":"https:\/\/shop.ostberg.com\/no\/wp-json\/wp\/v2\/product_brand?post=6713"},{"taxonomy":"product_cat","embeddable":true,"href":"https:\/\/shop.ostberg.com\/no\/wp-json\/wp\/v2\/product_cat?post=6713"},{"taxonomy":"product_tag","embeddable":true,"href":"https:\/\/shop.ostberg.com\/no\/wp-json\/wp\/v2\/product_tag?post=6713"}],"curies":[{"name":"wp","href":"https:\/\/api.w.org\/{rel}","templated":true}]}}