{"id":6658,"date":"2023-10-18T12:53:51","date_gmt":"2023-10-18T10:53:51","guid":{"rendered":"https:\/\/shop.ostberg.com\/no\/product\/aktiv-dokkingstasjon-iqc\/"},"modified":"2026-05-04T04:30:16","modified_gmt":"2026-05-04T02:30:16","slug":"aktiv-dokkingstasjon-iqc","status":"publish","type":"product","link":"https:\/\/shop.ostberg.com\/no\/product\/aktiv-dokkingstasjon-iqc\/","title":{"rendered":"Aktiv dokkingstasjon IQC"},"content":{"rendered":"<div>\n<ul>\n<li>Den aktive dokkingstasjonen for IQ CONTROL panel muliggj\u00f8r kablet kommunikasjon mellom display og HERU -enhet.<\/li>\n<li>N\u00e5r IQ CONTROL er tilkoblet, deaktiveres radioen og all kommunikasjon skjer via nettverkskabel (RJ45 cat5e eller bedre). N\u00e5r IQ CONTROL er fjernet fra dokkeholderen, g\u00e5r kommunikasjonen automatisk over til radio.<\/li>\n<li>N\u00e5r IQ CONTROL er tilkoblet, skjer lading direkte fra enheten.<\/li>\n<li>Opptil 20 m nettverkskabel kan brukes.<\/li>\n<li>Dokkholderen kan ogs\u00e5 bare brukes som en aktiv ladeveggbrakett, med den tiltenkte ladekabelen USB til RJ45. Funksjonsinnstilling utf\u00f8res p\u00e5 displayet.<\/li>\n<li>Ved bruk av to IQ CONTROL\/dokkeholdere kan bare \u00e9n IQ CONTROL kobles til enheten.<\/li>\n<\/ul>\n<\/div>\n","protected":false},"excerpt":{"rendered":"<p>Den aktive dokkingstasjonen for IQ CONTROL panel muliggj\u00f8r kablet kommunikasjon mellom display og HERU -enhet. N\u00e5r IQ CONTROL er tilkoblet, deaktiveres radioen og all kommunikasjon skjer via nettverkskabel (RJ45 cat5e eller bedre). N\u00e5r IQ CONTROL er fjernet fra dokkeholderen, g\u00e5r kommunikasjonen automatisk over til radio. N\u00e5r IQ CONTROL er tilkoblet, skjer lading direkte fra enheten. [&hellip;]<\/p>\n","protected":false},"featured_media":309549,"template":"","meta":{"inline_featured_image":false},"product_brand":[],"product_cat":[1129,1116,1117,1102],"product_tag":[1176],"class_list":{"0":"post-6658","1":"product","2":"type-product","3":"status-publish","4":"has-post-thumbnail","6":"product_cat-styring-heru","7":"product_cat-tilbehor-heru","8":"product_cat-tilbehor-heru-tilbehor-heru","9":"product_cat-ventilasjonsaggregater","10":"product_tag-heru-100-t-ec","12":"first","13":"instock","14":"taxable","15":"shipping-taxable","16":"purchasable","17":"product-type-simple"},"_links":{"self":[{"href":"https:\/\/shop.ostberg.com\/no\/wp-json\/wp\/v2\/product\/6658","targetHints":{"allow":["GET"]}}],"collection":[{"href":"https:\/\/shop.ostberg.com\/no\/wp-json\/wp\/v2\/product"}],"about":[{"href":"https:\/\/shop.ostberg.com\/no\/wp-json\/wp\/v2\/types\/product"}],"wp:featuredmedia":[{"embeddable":true,"href":"https:\/\/shop.ostberg.com\/no\/wp-json\/wp\/v2\/media\/309549"}],"wp:attachment":[{"href":"https:\/\/shop.ostberg.com\/no\/wp-json\/wp\/v2\/media?parent=6658"}],"wp:term":[{"taxonomy":"product_brand","embeddable":true,"href":"https:\/\/shop.ostberg.com\/no\/wp-json\/wp\/v2\/product_brand?post=6658"},{"taxonomy":"product_cat","embeddable":true,"href":"https:\/\/shop.ostberg.com\/no\/wp-json\/wp\/v2\/product_cat?post=6658"},{"taxonomy":"product_tag","embeddable":true,"href":"https:\/\/shop.ostberg.com\/no\/wp-json\/wp\/v2\/product_tag?post=6658"}],"curies":[{"name":"wp","href":"https:\/\/api.w.org\/{rel}","templated":true}]}}