{"id":6648,"date":"2023-10-18T12:53:46","date_gmt":"2023-10-18T10:53:46","guid":{"rendered":"https:\/\/shop.ostberg.com\/no\/product\/filter-flk-315-standard-epm-10\/"},"modified":"2026-04-12T04:22:00","modified_gmt":"2026-04-12T02:22:00","slug":"filter-flk-315-standard-epm-10","status":"publish","type":"product","link":"https:\/\/shop.ostberg.com\/no\/product\/filter-flk-315-standard-epm-10\/","title":{"rendered":"Filter FLK 315 Standard ePM 10"},"content":{"rendered":"<div>FLK-filterene passer til FLK-filterbokser.<\/p>\n<p>Det er to forskjellige filtertyper \u00e5 velge mellom: standard (ePM Grov 50%) eller grovfilter (ePM Grov).<\/p>\n<p>Denne typen filter brukes ofte til t\u00f8rkere etc.<\/p>\n<p>Energieffektive filtre klassifisert i henhold til EN ISO 16890.<\/p>\n<p><\/p>\n<ul>\n<li>Grov: Utskillingsgrad ingen krav. Partikkelst\u00f8rrelse alle st\u00f8rrelser.<\/li>\n<\/ul>\n<\/div>\n","protected":false},"excerpt":{"rendered":"<p>FLK-filterene passer til FLK-filterbokser. Det er to forskjellige filtertyper \u00e5 velge mellom: standard (ePM Grov 50%) eller grovfilter (ePM Grov). Denne typen filter brukes ofte til t\u00f8rkere etc. Energieffektive filtre klassifisert i henhold til EN ISO 16890. Grov: Utskillingsgrad ingen krav. Partikkelst\u00f8rrelse alle st\u00f8rrelser.<\/p>\n","protected":false},"featured_media":298538,"template":"","meta":{"inline_featured_image":false},"product_brand":[],"product_cat":[1040,1042,1034,960],"product_tag":[],"class_list":{"0":"post-6648","1":"product","2":"type-product","3":"status-publish","4":"has-post-thumbnail","6":"product_cat-filtre","7":"product_cat-flk-filter","8":"product_cat-tilbehor-mekanisk","9":"product_cat-vifter","11":"first","12":"instock","13":"taxable","14":"shipping-taxable","15":"purchasable","16":"product-type-simple"},"_links":{"self":[{"href":"https:\/\/shop.ostberg.com\/no\/wp-json\/wp\/v2\/product\/6648","targetHints":{"allow":["GET"]}}],"collection":[{"href":"https:\/\/shop.ostberg.com\/no\/wp-json\/wp\/v2\/product"}],"about":[{"href":"https:\/\/shop.ostberg.com\/no\/wp-json\/wp\/v2\/types\/product"}],"wp:featuredmedia":[{"embeddable":true,"href":"https:\/\/shop.ostberg.com\/no\/wp-json\/wp\/v2\/media\/298538"}],"wp:attachment":[{"href":"https:\/\/shop.ostberg.com\/no\/wp-json\/wp\/v2\/media?parent=6648"}],"wp:term":[{"taxonomy":"product_brand","embeddable":true,"href":"https:\/\/shop.ostberg.com\/no\/wp-json\/wp\/v2\/product_brand?post=6648"},{"taxonomy":"product_cat","embeddable":true,"href":"https:\/\/shop.ostberg.com\/no\/wp-json\/wp\/v2\/product_cat?post=6648"},{"taxonomy":"product_tag","embeddable":true,"href":"https:\/\/shop.ostberg.com\/no\/wp-json\/wp\/v2\/product_tag?post=6648"}],"curies":[{"name":"wp","href":"https:\/\/api.w.org\/{rel}","templated":true}]}}