{"id":63462,"date":"2024-11-26T00:24:03","date_gmt":"2024-11-25T23:24:03","guid":{"rendered":"https:\/\/shop.ostberg.com\/no\/product\/askebotte-big-dirt-for-grovrengjoring-og-garasje\/"},"modified":"2026-04-15T04:38:24","modified_gmt":"2026-04-15T02:38:24","slug":"askebotte-big-dirt-for-grovrengjoring-og-garasje","status":"publish","type":"product","link":"https:\/\/shop.ostberg.com\/no\/product\/askebotte-big-dirt-for-grovrengjoring-og-garasje\/","title":{"rendered":"Askeb\u00f8tte Big Dirt for grovrengj\u00f8ring og garasje"},"content":{"rendered":"<p>Mellombeholder for grovere rengj\u00f8ring av garasje,\u00a0Hobbyrom, peis o.l. Kun t\u00f8rt<\/p>\n","protected":false},"excerpt":{"rendered":"<p>Mellombeholder for grovere rengj\u00f8ring av garasje,\u00a0Hobbyrom, peis o.l. Kun t\u00f8rt<\/p>\n","protected":false},"featured_media":300197,"template":"","meta":{"inline_featured_image":false},"product_brand":[],"product_cat":[1169,1159,1164],"product_tag":[1187],"class_list":{"0":"post-63462","1":"product","2":"type-product","3":"status-publish","4":"has-post-thumbnail","6":"product_cat-rengjoringsverktoy","7":"product_cat-sentralstovsuger","8":"product_cat-tilbehor","9":"product_tag-kampanje","10":"product_shipping_class-kampanje","12":"first","13":"instock","14":"taxable","15":"shipping-taxable","16":"purchasable","17":"product-type-simple"},"_links":{"self":[{"href":"https:\/\/shop.ostberg.com\/no\/wp-json\/wp\/v2\/product\/63462","targetHints":{"allow":["GET"]}}],"collection":[{"href":"https:\/\/shop.ostberg.com\/no\/wp-json\/wp\/v2\/product"}],"about":[{"href":"https:\/\/shop.ostberg.com\/no\/wp-json\/wp\/v2\/types\/product"}],"wp:featuredmedia":[{"embeddable":true,"href":"https:\/\/shop.ostberg.com\/no\/wp-json\/wp\/v2\/media\/300197"}],"wp:attachment":[{"href":"https:\/\/shop.ostberg.com\/no\/wp-json\/wp\/v2\/media?parent=63462"}],"wp:term":[{"taxonomy":"product_brand","embeddable":true,"href":"https:\/\/shop.ostberg.com\/no\/wp-json\/wp\/v2\/product_brand?post=63462"},{"taxonomy":"product_cat","embeddable":true,"href":"https:\/\/shop.ostberg.com\/no\/wp-json\/wp\/v2\/product_cat?post=63462"},{"taxonomy":"product_tag","embeddable":true,"href":"https:\/\/shop.ostberg.com\/no\/wp-json\/wp\/v2\/product_tag?post=63462"}],"curies":[{"name":"wp","href":"https:\/\/api.w.org\/{rel}","templated":true}]}}