{"id":27161,"date":"2024-01-18T16:16:57","date_gmt":"2024-01-18T15:16:57","guid":{"rendered":"https:\/\/shop.ostberg.com\/no\/product\/iqc-touch-display-incl-antenna\/"},"modified":"2026-05-07T04:46:03","modified_gmt":"2026-05-07T02:46:03","slug":"iqc-touch-display-incl-antenna","status":"publish","type":"product","link":"https:\/\/shop.ostberg.com\/no\/product\/iqc-touch-display-incl-antenna\/","title":{"rendered":"IQC Touch display inkl. antenne"},"content":{"rendered":"<div>\n<div>Intelligent kontrollsystem for et sunt og energieffektivt inneklima.<\/div>\n<div>Kobles tr\u00e5dl\u00f8st til HERU luftbehandlingsenheten. Brukervennlig 4,3 \u201dber\u00f8ringspanel.<\/div>\n<div>\n<ul>\n<li>GRENSESNITT &#8211; Brukervennlig grensesnitt tilpasset sluttbrukeren og installat\u00f8ren &#8211; Installasjonsveiledning som veileder mont\u00f8r gjennom installasjonen. &#8211; Statuslinje for rask oversikt. &#8211; Rask informasjon som forklarer det aktive bildet i panelet.<\/li>\n<li>FORVARMER &#8211; Gj\u00f8r det mulig \u00e5 enkelt installere forvarmeren for kontroll fra skjermen.<\/li>\n<li>FERIE &#8211; Mulighet til \u00e5 lage periodeiserte tidsplaner i tillegg til ukeplaner.<\/li>\n<li>KLOKKE- Skjermsparer som ogs\u00e5 viser tid og temperatur.<\/li>\n<li>FARGETEMA &#8211; Velg et lyst eller m\u00f8rkt fargetema som passer til innredningen i hjemmet ditt.<\/li>\n<li>PIR SENSOR \/ TIMER Mulighet for \u00e5 aktivere utvidet drift og &#8220;bortemdous&#8221; via ekstern tidsur eller PIR-sensor.<\/li>\n<li>LAN &#8211; Modbus via TCP \/ IP som gir muligheten til enkelt \u00e5 integrere enheten i et BMS-system.<\/li>\n<li>VOC SENSOR &#8211; Nytt oppgradert menysystem som st\u00f8tter VOC-kontroll.<\/li>\n<li>HERU IQ APP &#8211; Styr HERU-en din med smarttelefonen din uten \u00e5 kj\u00f8pe ekstra tilbeh\u00f8r. Internett-tilkobling kreves.<\/li>\n<\/ul>\n<\/div>\n<\/div>\n","protected":false},"excerpt":{"rendered":"<p>Intelligent kontrollsystem for et sunt og energieffektivt inneklima. Kobles tr\u00e5dl\u00f8st til HERU luftbehandlingsenheten. Brukervennlig 4,3 \u201dber\u00f8ringspanel. GRENSESNITT &#8211; Brukervennlig grensesnitt tilpasset sluttbrukeren og installat\u00f8ren &#8211; Installasjonsveiledning som veileder mont\u00f8r gjennom installasjonen. &#8211; Statuslinje for rask oversikt. &#8211; Rask informasjon som forklarer det aktive bildet i panelet. FORVARMER &#8211; Gj\u00f8r det mulig \u00e5 enkelt installere forvarmeren [&hellip;]<\/p>\n","protected":false},"featured_media":311199,"template":"","meta":{"inline_featured_image":false},"product_brand":[],"product_cat":[1129,1116,1117,1102],"product_tag":[1176],"class_list":{"0":"post-27161","1":"product","2":"type-product","3":"status-publish","4":"has-post-thumbnail","6":"product_cat-styring-heru","7":"product_cat-tilbehor-heru","8":"product_cat-tilbehor-heru-tilbehor-heru","9":"product_cat-ventilasjonsaggregater","10":"product_tag-heru-100-t-ec","12":"first","13":"instock","14":"taxable","15":"shipping-taxable","16":"purchasable","17":"product-type-simple"},"_links":{"self":[{"href":"https:\/\/shop.ostberg.com\/no\/wp-json\/wp\/v2\/product\/27161","targetHints":{"allow":["GET"]}}],"collection":[{"href":"https:\/\/shop.ostberg.com\/no\/wp-json\/wp\/v2\/product"}],"about":[{"href":"https:\/\/shop.ostberg.com\/no\/wp-json\/wp\/v2\/types\/product"}],"wp:featuredmedia":[{"embeddable":true,"href":"https:\/\/shop.ostberg.com\/no\/wp-json\/wp\/v2\/media\/311199"}],"wp:attachment":[{"href":"https:\/\/shop.ostberg.com\/no\/wp-json\/wp\/v2\/media?parent=27161"}],"wp:term":[{"taxonomy":"product_brand","embeddable":true,"href":"https:\/\/shop.ostberg.com\/no\/wp-json\/wp\/v2\/product_brand?post=27161"},{"taxonomy":"product_cat","embeddable":true,"href":"https:\/\/shop.ostberg.com\/no\/wp-json\/wp\/v2\/product_cat?post=27161"},{"taxonomy":"product_tag","embeddable":true,"href":"https:\/\/shop.ostberg.com\/no\/wp-json\/wp\/v2\/product_tag?post=27161"}],"curies":[{"name":"wp","href":"https:\/\/api.w.org\/{rel}","templated":true}]}}