{"id":258227,"date":"2026-01-21T04:28:52","date_gmt":"2026-01-21T03:28:52","guid":{"rendered":"https:\/\/shop.ostberg.com\/no\/product\/ire-125-b1-aut-tc\/"},"modified":"2026-04-12T04:40:54","modified_gmt":"2026-04-12T02:40:54","slug":"ire-125-b1-aut-tc","status":"publish","type":"product","link":"https:\/\/shop.ostberg.com\/no\/product\/ire-125-b1-aut-tc\/","title":{"rendered":"IRE 125 B1 aut tc"},"content":{"rendered":"<div>\n<ul>\n<li>Isolert kanalvifte med sirkul\u00e6re tilkoblinger.<\/li>\n<li>Utstyrt med en 50 mm varme- og lydisolasjon gj\u00f8r den ideell for h\u00e5ndtering av kald luft.<\/li>\n<li>Utviklet for \u00e5 t\u00e5le h\u00f8yt trykk. <\/li>\n<li>Viftehjul med fremoverb\u00f8yde skovler.<\/li>\n<li>Den ytre rotormotoren har vedlikeholdsfrie dobbeltlukkede kulelager.<\/li>\n<li>Innebygd motorvern.<\/li>\n<li>Tilkoblingsboks med beskyttelsesklasse IP 54.<\/li>\n<li>Transformator eller tyristor kan kobles til for hastighetskontroll.<\/li>\n<li>Viftekarosseriet er produsert i galvanisert st\u00e5l.<\/li>\n<li>Kanaltilkoblingene har gummipakninger.<\/li>\n<li>Viften er beregnet for installasjon i et kanalsystem.<\/li>\n<li>En kanaltilkoblet vifte kan installeres utend\u00f8rs eller i v\u00e5trom.<\/li>\n<li>For \u00e5 m\u00f8te kravene i ErP 2018 m\u00e5\u00a0 en lokal behovsstyring brukes.<\/li>\n<\/ul>\n<\/div>\n","protected":false},"excerpt":{"rendered":"<p>Isolert kanalvifte med sirkul\u00e6re tilkoblinger. Utstyrt med en 50 mm varme- og lydisolasjon gj\u00f8r den ideell for h\u00e5ndtering av kald luft. Utviklet for \u00e5 t\u00e5le h\u00f8yt trykk. Viftehjul med fremoverb\u00f8yde skovler. Den ytre rotormotoren har vedlikeholdsfrie dobbeltlukkede kulelager. Innebygd motorvern. Tilkoblingsboks med beskyttelsesklasse IP 54. Transformator eller tyristor kan kobles til for hastighetskontroll. Viftekarosseriet er [&hellip;]<\/p>\n","protected":false},"featured_media":298780,"template":"","meta":{"inline_featured_image":false},"product_brand":[],"product_cat":[983,982,969,960],"product_tag":[1396],"class_list":{"0":"post-258227","1":"product","2":"type-product","3":"status-publish","4":"has-post-thumbnail","6":"product_cat-ire-ac-sirkulaer","7":"product_cat-isolert","8":"product_cat-sirkulaer-tilkobling","9":"product_cat-vifter","10":"product_tag-kampanje-vifter","12":"first","13":"instock","14":"taxable","15":"shipping-taxable","16":"purchasable","17":"product-type-simple"},"_links":{"self":[{"href":"https:\/\/shop.ostberg.com\/no\/wp-json\/wp\/v2\/product\/258227","targetHints":{"allow":["GET"]}}],"collection":[{"href":"https:\/\/shop.ostberg.com\/no\/wp-json\/wp\/v2\/product"}],"about":[{"href":"https:\/\/shop.ostberg.com\/no\/wp-json\/wp\/v2\/types\/product"}],"wp:featuredmedia":[{"embeddable":true,"href":"https:\/\/shop.ostberg.com\/no\/wp-json\/wp\/v2\/media\/298780"}],"wp:attachment":[{"href":"https:\/\/shop.ostberg.com\/no\/wp-json\/wp\/v2\/media?parent=258227"}],"wp:term":[{"taxonomy":"product_brand","embeddable":true,"href":"https:\/\/shop.ostberg.com\/no\/wp-json\/wp\/v2\/product_brand?post=258227"},{"taxonomy":"product_cat","embeddable":true,"href":"https:\/\/shop.ostberg.com\/no\/wp-json\/wp\/v2\/product_cat?post=258227"},{"taxonomy":"product_tag","embeddable":true,"href":"https:\/\/shop.ostberg.com\/no\/wp-json\/wp\/v2\/product_tag?post=258227"}],"curies":[{"name":"wp","href":"https:\/\/api.w.org\/{rel}","templated":true}]}}