{"id":258211,"date":"2026-01-21T04:28:25","date_gmt":"2026-01-21T03:28:25","guid":{"rendered":"https:\/\/shop.ostberg.com\/no\/product\/ifk-140-c1-ec-y1-left\/"},"modified":"2026-04-12T04:40:18","modified_gmt":"2026-04-12T02:40:18","slug":"ifk-140-c1-ec-y1-left","status":"publish","type":"product","link":"https:\/\/shop.ostberg.com\/no\/product\/ifk-140-c1-ec-y1-left\/","title":{"rendered":"IFK 140 C1 EC-y1 left"},"content":{"rendered":"<div>\n<ul>\n<li>Isolert kanalvifte med sirkul\u00e6re tilkoblinger.<\/li>\n<li>Designet med to innl\u00f8p og brukt som vifte for komfyrhette i kombinasjon med annen ventilasjon.<\/li>\n<li>IFK EC kan bestilles i enten h\u00f8yre eller venstre utf\u00f8relse.<\/li>\n<li>IFK er utstyrt med 30 mm brannsikker isolasjon.<\/li>\n<li>T\u00e5ler h\u00f8yt trykk, har lavt lydniv\u00e5.<\/li>\n<li>Den har har to innl\u00f8p og et utl\u00f8p.<\/li>\n<li>Viftehjul med fremoverb\u00f8yde skovler.<\/li>\n<li>Den ytre rotormotoren har vedlikeholdsfrie dobbeltlukkede kulelager.<\/li>\n<li>Innebygd motorvern.<\/li>\n<li>Tilkoblingsboks med beskyttelsesklasse IP 54.<\/li>\n<li>Viften leveres uten potensiometer (0-10V). Den eksterne kontrollkabelen m\u00e5 kobles til hunnkontakten som f\u00f8lger med kanalviften. Viftekarosseriet er produsert i galvanisert st\u00e5l.<\/li>\n<li>Kanaltilkoblingene har gummipakninger.<\/li>\n<li>Swing-out design som standard, forenkler vedlikehold og rengj\u00f8ring av l\u00f8pehjul og deksel.<\/li>\n<li>Viften er beregnet for installasjon i et kanalsystem.<\/li>\n<li>Viften er utstyrt med stikkontakt.<\/li>\n<\/ul>\n<\/div>\n","protected":false},"excerpt":{"rendered":"<p>Isolert kanalvifte med sirkul\u00e6re tilkoblinger. Designet med to innl\u00f8p og brukt som vifte for komfyrhette i kombinasjon med annen ventilasjon. IFK EC kan bestilles i enten h\u00f8yre eller venstre utf\u00f8relse. IFK er utstyrt med 30 mm brannsikker isolasjon. T\u00e5ler h\u00f8yt trykk, har lavt lydniv\u00e5. Den har har to innl\u00f8p og et utl\u00f8p. Viftehjul med fremoverb\u00f8yde [&hellip;]<\/p>\n","protected":false},"featured_media":298772,"template":"","meta":{"inline_featured_image":false},"product_brand":[],"product_cat":[991,982,969,960],"product_tag":[1396],"class_list":{"0":"post-258211","1":"product","2":"type-product","3":"status-publish","4":"has-post-thumbnail","6":"product_cat-ifk-ec-flere-innlop","7":"product_cat-isolert","8":"product_cat-sirkulaer-tilkobling","9":"product_cat-vifter","10":"product_tag-kampanje-vifter","12":"first","13":"instock","14":"taxable","15":"shipping-taxable","16":"purchasable","17":"product-type-simple"},"_links":{"self":[{"href":"https:\/\/shop.ostberg.com\/no\/wp-json\/wp\/v2\/product\/258211","targetHints":{"allow":["GET"]}}],"collection":[{"href":"https:\/\/shop.ostberg.com\/no\/wp-json\/wp\/v2\/product"}],"about":[{"href":"https:\/\/shop.ostberg.com\/no\/wp-json\/wp\/v2\/types\/product"}],"wp:featuredmedia":[{"embeddable":true,"href":"https:\/\/shop.ostberg.com\/no\/wp-json\/wp\/v2\/media\/298772"}],"wp:attachment":[{"href":"https:\/\/shop.ostberg.com\/no\/wp-json\/wp\/v2\/media?parent=258211"}],"wp:term":[{"taxonomy":"product_brand","embeddable":true,"href":"https:\/\/shop.ostberg.com\/no\/wp-json\/wp\/v2\/product_brand?post=258211"},{"taxonomy":"product_cat","embeddable":true,"href":"https:\/\/shop.ostberg.com\/no\/wp-json\/wp\/v2\/product_cat?post=258211"},{"taxonomy":"product_tag","embeddable":true,"href":"https:\/\/shop.ostberg.com\/no\/wp-json\/wp\/v2\/product_tag?post=258211"}],"curies":[{"name":"wp","href":"https:\/\/api.w.org\/{rel}","templated":true}]}}