{"id":258197,"date":"2026-01-21T04:28:01","date_gmt":"2026-01-21T03:28:01","guid":{"rendered":"https:\/\/shop.ostberg.com\/no\/product\/lpkb-200-c1-aut-tc\/"},"modified":"2026-04-12T04:39:43","modified_gmt":"2026-04-12T02:39:43","slug":"lpkb-200-c1-aut-tc","status":"publish","type":"product","link":"https:\/\/shop.ostberg.com\/no\/product\/lpkb-200-c1-aut-tc\/","title":{"rendered":"LPKB 200 C1 aut tc"},"content":{"rendered":"<div>\n<ul>\n<li>Lavprofil kanalvifte med sirkul\u00e6re tilkoblinger.<\/li>\n<li>En liten og praktisk kanalvifte som er perfekt for lav byggeh\u00f8yde.<\/li>\n<li>H\u00f8y kapasitet og virkningsgrad med lavt lydniv\u00e5 opprettholdt.<\/li>\n<li>Kan brukes p\u00e5 b\u00e5de 50 og 60 Hz.<\/li>\n<li>Viftehjul med bakoverb\u00f8yde skovler.<\/li>\n<li>Den ytre rotormotoren har vedlikeholdsfrie dobbeltlukkede kulelager.<\/li>\n<li>Innebygd motorvern.<\/li>\n<li>Tilkoblingsboks med beskyttelsesklasse IP 54.<\/li>\n<li>Transformator eller tyristor kan kobles til for hastighetskontroll.<\/li>\n<li>Viftekarosseriet er produsert i galvanisert st\u00e5l.<\/li>\n<li>Kanaltilkoblingene har gummipakninger.<\/li>\n<li>Viften er beregnet for installasjon i et kanalsystem.<\/li>\n<li>En kanaltilkoblet vifte kan installeres utend\u00f8rs eller i v\u00e5trom.<\/li>\n<li>Viften er utstyrt med monteringsbraketter og kan installeres i valgfri posisjon.<\/li>\n<\/ul>\n<\/div>\n","protected":false},"excerpt":{"rendered":"<p>Lavprofil kanalvifte med sirkul\u00e6re tilkoblinger. En liten og praktisk kanalvifte som er perfekt for lav byggeh\u00f8yde. H\u00f8y kapasitet og virkningsgrad med lavt lydniv\u00e5 opprettholdt. Kan brukes p\u00e5 b\u00e5de 50 og 60 Hz. Viftehjul med bakoverb\u00f8yde skovler. Den ytre rotormotoren har vedlikeholdsfrie dobbeltlukkede kulelager. Innebygd motorvern. Tilkoblingsboks med beskyttelsesklasse IP 54. Transformator eller tyristor kan kobles [&hellip;]<\/p>\n","protected":false},"featured_media":298765,"template":"","meta":{"inline_featured_image":false},"product_brand":[],"product_cat":[970,976,969,960],"product_tag":[1396],"class_list":{"0":"post-258197","1":"product","2":"type-product","3":"status-publish","4":"has-post-thumbnail","6":"product_cat-ikke-isolert","7":"product_cat-lpkb-ac","8":"product_cat-sirkulaer-tilkobling","9":"product_cat-vifter","10":"product_tag-kampanje-vifter","12":"first","13":"instock","14":"taxable","15":"shipping-taxable","16":"purchasable","17":"product-type-simple"},"_links":{"self":[{"href":"https:\/\/shop.ostberg.com\/no\/wp-json\/wp\/v2\/product\/258197","targetHints":{"allow":["GET"]}}],"collection":[{"href":"https:\/\/shop.ostberg.com\/no\/wp-json\/wp\/v2\/product"}],"about":[{"href":"https:\/\/shop.ostberg.com\/no\/wp-json\/wp\/v2\/types\/product"}],"wp:featuredmedia":[{"embeddable":true,"href":"https:\/\/shop.ostberg.com\/no\/wp-json\/wp\/v2\/media\/298765"}],"wp:attachment":[{"href":"https:\/\/shop.ostberg.com\/no\/wp-json\/wp\/v2\/media?parent=258197"}],"wp:term":[{"taxonomy":"product_brand","embeddable":true,"href":"https:\/\/shop.ostberg.com\/no\/wp-json\/wp\/v2\/product_brand?post=258197"},{"taxonomy":"product_cat","embeddable":true,"href":"https:\/\/shop.ostberg.com\/no\/wp-json\/wp\/v2\/product_cat?post=258197"},{"taxonomy":"product_tag","embeddable":true,"href":"https:\/\/shop.ostberg.com\/no\/wp-json\/wp\/v2\/product_tag?post=258197"}],"curies":[{"name":"wp","href":"https:\/\/api.w.org\/{rel}","templated":true}]}}