{"id":258190,"date":"2026-01-21T04:27:51","date_gmt":"2026-01-21T03:27:51","guid":{"rendered":"https:\/\/shop.ostberg.com\/no\/product\/lpkb-315-e1-ec-y2\/"},"modified":"2026-04-12T04:39:28","modified_gmt":"2026-04-12T02:39:28","slug":"lpkb-315-e1-ec-y2","status":"publish","type":"product","link":"https:\/\/shop.ostberg.com\/no\/product\/lpkb-315-e1-ec-y2\/","title":{"rendered":"LPKB 315 E1 EC-y2"},"content":{"rendered":"<div>\n<ul>\n<li>Lavprofil kanalvifte med sirkul\u00e6re tilkoblinger.<\/li>\n<li>En liten og praktisk kanalvifte som er perfekt for lav byggeh\u00f8yde.<\/li>\n<li>H\u00f8y kapasitet og virkningsgrad med lavt lydniv\u00e5.<\/li>\n<li>Viftehjul med bakoverb\u00f8yde skovler.<\/li>\n<li>Energieffektiv ytre rotormotor med vedlikeholdsfrie doble lukkede kulelager.<\/li>\n<li>Hastighetskontroll kan gj\u00f8res med det innebygde potensiometeret, 0-10 V alt. ekstern regulering.<\/li>\n<li>Innebygd motorvern.<\/li>\n<li>Tilkoblingsboks med beskyttelsesklasse IP 54.<\/li>\n<li>Viftekarosseriet er produsert i galvanisert st\u00e5l.<\/li>\n<li>Kanaltilkoblingene har gummipakninger.<\/li>\n<li>Viften er beregnet for installasjon i et kanalsystem.<\/li>\n<li>En kanaltilkoblet vifte kan installeres utend\u00f8rs eller i v\u00e5trom.<\/li>\n<li>Viften er utstyrt med monteringsbraketter og kan installeres i valgfri posisjon.<\/li>\n<\/ul>\n<\/div>\n","protected":false},"excerpt":{"rendered":"<p>Lavprofil kanalvifte med sirkul\u00e6re tilkoblinger. En liten og praktisk kanalvifte som er perfekt for lav byggeh\u00f8yde. H\u00f8y kapasitet og virkningsgrad med lavt lydniv\u00e5. Viftehjul med bakoverb\u00f8yde skovler. Energieffektiv ytre rotormotor med vedlikeholdsfrie doble lukkede kulelager. Hastighetskontroll kan gj\u00f8res med det innebygde potensiometeret, 0-10 V alt. ekstern regulering. Innebygd motorvern. Tilkoblingsboks med beskyttelsesklasse IP 54. Viftekarosseriet [&hellip;]<\/p>\n","protected":false},"featured_media":298761,"template":"","meta":{"inline_featured_image":false},"product_brand":[],"product_cat":[970,977,969,960],"product_tag":[1396],"class_list":{"0":"post-258190","1":"product","2":"type-product","3":"status-publish","4":"has-post-thumbnail","6":"product_cat-ikke-isolert","7":"product_cat-lpkb-ec","8":"product_cat-sirkulaer-tilkobling","9":"product_cat-vifter","10":"product_tag-kampanje-vifter","12":"first","13":"instock","14":"taxable","15":"shipping-taxable","16":"purchasable","17":"product-type-simple"},"_links":{"self":[{"href":"https:\/\/shop.ostberg.com\/no\/wp-json\/wp\/v2\/product\/258190","targetHints":{"allow":["GET"]}}],"collection":[{"href":"https:\/\/shop.ostberg.com\/no\/wp-json\/wp\/v2\/product"}],"about":[{"href":"https:\/\/shop.ostberg.com\/no\/wp-json\/wp\/v2\/types\/product"}],"wp:featuredmedia":[{"embeddable":true,"href":"https:\/\/shop.ostberg.com\/no\/wp-json\/wp\/v2\/media\/298761"}],"wp:attachment":[{"href":"https:\/\/shop.ostberg.com\/no\/wp-json\/wp\/v2\/media?parent=258190"}],"wp:term":[{"taxonomy":"product_brand","embeddable":true,"href":"https:\/\/shop.ostberg.com\/no\/wp-json\/wp\/v2\/product_brand?post=258190"},{"taxonomy":"product_cat","embeddable":true,"href":"https:\/\/shop.ostberg.com\/no\/wp-json\/wp\/v2\/product_cat?post=258190"},{"taxonomy":"product_tag","embeddable":true,"href":"https:\/\/shop.ostberg.com\/no\/wp-json\/wp\/v2\/product_tag?post=258190"}],"curies":[{"name":"wp","href":"https:\/\/api.w.org\/{rel}","templated":true}]}}