{"id":105573,"date":"2025-03-12T04:31:02","date_gmt":"2025-03-12T03:31:02","guid":{"rendered":"https:\/\/shop.ostberg.com\/no\/product\/a-munnstykke-370-for-hardt-gulv\/"},"modified":"2026-04-16T04:56:16","modified_gmt":"2026-04-16T02:56:16","slug":"a-munnstykke-370-for-hardt-gulv","status":"publish","type":"product","link":"https:\/\/shop.ostberg.com\/no\/product\/a-munnstykke-370-for-hardt-gulv\/","title":{"rendered":"A- Munnstykke 370 for hardt gulv"},"content":{"rendered":"<div>A- Munnstykker som er utviklet for harde gulv.<br \/>Munnstykke for st\u00f8vsuging av harde gulv, som parkett, laminat og fliser.<br \/>Utstyrt med hjul hjelper dette smale og lette munnstykket deg med \u00e5 enkelt st\u00f8vsuge trapper og kanter av rom.<br \/>Designet for parkettgulv spesielt, men ogs\u00e5 utmerket til andre gulvflater og for b\u00f8rsting\/st\u00f8vsuging av dype tepper.<br \/>Tilgjengelige bredder 300 mm og 370 mm.<\/div>\n","protected":false},"excerpt":{"rendered":"<p>A- Munnstykker som er utviklet for harde gulv.Munnstykke for st\u00f8vsuging av harde gulv, som parkett, laminat og fliser.Utstyrt med hjul hjelper dette smale og lette munnstykket deg med \u00e5 enkelt st\u00f8vsuge trapper og kanter av rom.Designet for parkettgulv spesielt, men ogs\u00e5 utmerket til andre gulvflater og for b\u00f8rsting\/st\u00f8vsuging av dype tepper.Tilgjengelige bredder 300 mm og [&hellip;]<\/p>\n","protected":false},"featured_media":300759,"template":"","meta":{"inline_featured_image":false},"product_brand":[],"product_cat":[1169,1159,1164],"product_tag":[],"class_list":{"0":"post-105573","1":"product","2":"type-product","3":"status-publish","4":"has-post-thumbnail","6":"product_cat-rengjoringsverktoy","7":"product_cat-sentralstovsuger","8":"product_cat-tilbehor","10":"first","11":"instock","12":"taxable","13":"shipping-taxable","14":"purchasable","15":"product-type-simple"},"_links":{"self":[{"href":"https:\/\/shop.ostberg.com\/no\/wp-json\/wp\/v2\/product\/105573","targetHints":{"allow":["GET"]}}],"collection":[{"href":"https:\/\/shop.ostberg.com\/no\/wp-json\/wp\/v2\/product"}],"about":[{"href":"https:\/\/shop.ostberg.com\/no\/wp-json\/wp\/v2\/types\/product"}],"wp:featuredmedia":[{"embeddable":true,"href":"https:\/\/shop.ostberg.com\/no\/wp-json\/wp\/v2\/media\/300759"}],"wp:attachment":[{"href":"https:\/\/shop.ostberg.com\/no\/wp-json\/wp\/v2\/media?parent=105573"}],"wp:term":[{"taxonomy":"product_brand","embeddable":true,"href":"https:\/\/shop.ostberg.com\/no\/wp-json\/wp\/v2\/product_brand?post=105573"},{"taxonomy":"product_cat","embeddable":true,"href":"https:\/\/shop.ostberg.com\/no\/wp-json\/wp\/v2\/product_cat?post=105573"},{"taxonomy":"product_tag","embeddable":true,"href":"https:\/\/shop.ostberg.com\/no\/wp-json\/wp\/v2\/product_tag?post=105573"}],"curies":[{"name":"wp","href":"https:\/\/api.w.org\/{rel}","templated":true}]}}