{"id":7,"date":"2023-03-20T08:23:34","date_gmt":"2023-03-20T08:23:34","guid":{"rendered":"http:\/\/apistoretest.utvsajt.se\/cart\/"},"modified":"2025-06-23T10:59:30","modified_gmt":"2025-06-23T08:59:30","slug":"cart","status":"publish","type":"page","link":"https:\/\/shop.ostberg.com\/no\/cart\/","title":{"rendered":"Handlekurven"},"content":{"rendered":"\t\t<div data-elementor-type=\"wp-page\" data-elementor-id=\"7\" class=\"elementor elementor-7\" data-elementor-post-type=\"page\">\n\t\t\t\t<div class=\"elementor-element elementor-element-ea04bfc e-flex e-con-boxed e-con e-parent\" data-id=\"ea04bfc\" data-element_type=\"container\" data-e-type=\"container\">\n\t\t\t\t\t<div class=\"e-con-inner\">\n\t\t\t\t<div class=\"elementor-element elementor-element-dc4248d elementor-widget elementor-widget-heading\" data-id=\"dc4248d\" data-element_type=\"widget\" data-e-type=\"widget\" data-widget_type=\"heading.default\">\n\t\t\t\t<div class=\"elementor-widget-container\">\n\t\t\t\t\t<h1 class=\"elementor-heading-title elementor-size-default\">Handlekurven<\/h1>\t\t\t\t<\/div>\n\t\t\t\t<\/div>\n\t\t\t\t\t<\/div>\n\t\t\t\t<\/div>\n\t\t<div class=\"elementor-element elementor-element-539dd3a e-flex e-con-boxed e-con e-parent\" data-id=\"539dd3a\" data-element_type=\"container\" data-e-type=\"container\">\n\t\t\t\t\t<div class=\"e-con-inner\">\n\t\t\t\t\t<\/div>\n\t\t\t\t<\/div>\n\t\t\t\t<\/div>\n\t\t","protected":false},"excerpt":{"rendered":"<p>Handlekurven Ta bort artikel Miniatyrbild Produkt Pris Antal Delsumma &times; Askeb\u00f8tte Big Dirt for grovrengj\u00f8ring og garasje 311&nbsp;&#107;&#114; Askeb\u00f8tte Big Dirt for grovrengj\u00f8ring og garasje m\u00e4ngd 311&nbsp;&#107;&#114; (inkl. moms) &times; Base, plast for veggmontasje kontakter U hvi 378&nbsp;&#107;&#114; Base, plast for veggmontasje kontakter U hvi m\u00e4ngd 378&nbsp;&#107;&#114; (inkl. moms) &times; HERU &#8211; signalkabel kj\u00f8kken hette [&hellip;]<\/p>\n","protected":false},"author":1,"featured_media":0,"parent":0,"menu_order":0,"comment_status":"closed","ping_status":"closed","template":"","meta":{"inline_featured_image":false,"footnotes":""},"class_list":["post-7","page","type-page","status-publish","hentry"],"_links":{"self":[{"href":"https:\/\/shop.ostberg.com\/no\/wp-json\/wp\/v2\/pages\/7","targetHints":{"allow":["GET"]}}],"collection":[{"href":"https:\/\/shop.ostberg.com\/no\/wp-json\/wp\/v2\/pages"}],"about":[{"href":"https:\/\/shop.ostberg.com\/no\/wp-json\/wp\/v2\/types\/page"}],"author":[{"embeddable":true,"href":"https:\/\/shop.ostberg.com\/no\/wp-json\/wp\/v2\/users\/1"}],"replies":[{"embeddable":true,"href":"https:\/\/shop.ostberg.com\/no\/wp-json\/wp\/v2\/comments?post=7"}],"version-history":[{"count":27,"href":"https:\/\/shop.ostberg.com\/no\/wp-json\/wp\/v2\/pages\/7\/revisions"}],"predecessor-version":[{"id":156232,"href":"https:\/\/shop.ostberg.com\/no\/wp-json\/wp\/v2\/pages\/7\/revisions\/156232"}],"wp:attachment":[{"href":"https:\/\/shop.ostberg.com\/no\/wp-json\/wp\/v2\/media?parent=7"}],"curies":[{"name":"wp","href":"https:\/\/api.w.org\/{rel}","templated":true}]}}