{"id":51887,"date":"2024-10-22T16:53:59","date_gmt":"2024-10-22T14:53:59","guid":{"rendered":"https:\/\/shop.ostberg.com\/no\/?page_id=51887"},"modified":"2026-01-15T09:00:32","modified_gmt":"2026-01-15T08:00:32","slug":"kampanje","status":"publish","type":"page","link":"https:\/\/shop.ostberg.com\/no\/kampanje\/","title":{"rendered":"Kampanje"},"content":{"rendered":"\t\t<div data-elementor-type=\"wp-page\" data-elementor-id=\"51887\" class=\"elementor elementor-51887\" data-elementor-post-type=\"page\">\n\t\t\t\t<div class=\"elementor-element elementor-element-13c397b e-flex e-con-boxed e-con e-parent\" data-id=\"13c397b\" data-element_type=\"container\" data-e-type=\"container\">\n\t\t\t\t\t<div class=\"e-con-inner\">\n\t\t\t\t<div class=\"elementor-element elementor-element-081cacb elementor-widget elementor-widget-heading\" data-id=\"081cacb\" data-element_type=\"widget\" data-e-type=\"widget\" data-widget_type=\"heading.default\">\n\t\t\t\t<div class=\"elementor-widget-container\">\n\t\t\t\t\t<h1 class=\"elementor-heading-title elementor-size-default\">Kampanjer hos \u00d6stberg<\/h1>\t\t\t\t<\/div>\n\t\t\t\t<\/div>\n\t\t\t\t<div class=\"elementor-element elementor-element-aeaedfd elementor-widget elementor-widget-text-editor\" data-id=\"aeaedfd\" data-element_type=\"widget\" data-e-type=\"widget\" data-widget_type=\"text-editor.default\">\n\t\t\t\t<div class=\"elementor-widget-container\">\n\t\t\t\t\t\t\t\t\t<p>Her finner du aktuelle kampanjer og kampanjepriser p\u00e5 \u00d6stbergs produkter i v\u00e5r norske nettbutikk. Vi samler l\u00f8pende tilbud p\u00e5 ventilasjonsprodukter, originalfilter og tilbeh\u00f8r til sentralst\u00f8vsuger, slik at du enkelt kan gj\u00f8re et godt kj\u00f8p. Utforsk v\u00e5re p\u00e5g\u00e5ende kampanjer nedenfor og finn kvalitetsprodukter fra \u00d6stberg til ekstra gode priser.<\/p>\t\t\t\t\t\t\t\t<\/div>\n\t\t\t\t<\/div>\n\t\t\t\t\t<\/div>\n\t\t\t\t<\/div>\n\t\t<div class=\"elementor-element elementor-element-2820335 e-flex e-con-boxed e-con e-parent\" data-id=\"2820335\" data-element_type=\"container\" data-e-type=\"container\">\n\t\t\t\t\t<div class=\"e-con-inner\">\n\t\t<div class=\"elementor-element elementor-element-dfa9b22 e-con-full e-flex e-con e-child\" data-id=\"dfa9b22\" data-element_type=\"container\" data-e-type=\"container\">\n\t\t\t\t<div class=\"elementor-element elementor-element-3a11330 elementor-widget elementor-widget-image\" data-id=\"3a11330\" data-element_type=\"widget\" data-e-type=\"widget\" data-widget_type=\"image.default\">\n\t\t\t\t<div class=\"elementor-widget-container\">\n\t\t\t\t\t\t\t\t\t\t\t\t\t\t\t<img fetchpriority=\"high\" decoding=\"async\" width=\"800\" height=\"339\" src=\"https:\/\/shop.ostberg.com\/no\/wp-content\/uploads\/2026\/01\/Kampanje_vifter-1024x434.jpg\" class=\"attachment-large size-large wp-image-255541\" alt=\"\" srcset=\"https:\/\/shop.ostberg.com\/no\/wp-content\/uploads\/2026\/01\/Kampanje_vifter-1024x434.jpg 1024w, https:\/\/shop.ostberg.com\/no\/wp-content\/uploads\/2026\/01\/Kampanje_vifter-300x127.jpg 300w, https:\/\/shop.ostberg.com\/no\/wp-content\/uploads\/2026\/01\/Kampanje_vifter-768x326.jpg 768w, https:\/\/shop.ostberg.com\/no\/wp-content\/uploads\/2026\/01\/Kampanje_vifter-600x254.jpg 600w, https:\/\/shop.ostberg.com\/no\/wp-content\/uploads\/2026\/01\/Kampanje_vifter.jpg 1500w\" sizes=\"(max-width: 800px) 100vw, 800px\" \/>\t\t\t\t\t\t\t\t\t\t\t\t\t\t\t<\/div>\n\t\t\t\t<\/div>\n\t\t\t\t<div class=\"elementor-element elementor-element-ab481b5 elementor-widget elementor-widget-heading\" data-id=\"ab481b5\" data-element_type=\"widget\" data-e-type=\"widget\" data-widget_type=\"heading.default\">\n\t\t\t\t<div class=\"elementor-widget-container\">\n\t\t\t\t\t<h2 class=\"elementor-heading-title elementor-size-default\">Effektive vifter og tilbeh\u00f8r til hjem og n\u00e6ring \u2013 kampanje p\u00e5 \u00d6stberg vifter!<\/h2>\t\t\t\t<\/div>\n\t\t\t\t<\/div>\n\t\t\t\t<div class=\"elementor-element elementor-element-d0a08e7 elementor-widget elementor-widget-button\" data-id=\"d0a08e7\" data-element_type=\"widget\" data-e-type=\"widget\" data-widget_type=\"button.default\">\n\t\t\t\t<div class=\"elementor-widget-container\">\n\t\t\t\t\t\t\t\t\t<div class=\"elementor-button-wrapper\">\n\t\t\t\t\t<a class=\"elementor-button elementor-button-link elementor-size-sm\" href=\"https:\/\/shop.ostberg.com\/no\/kampanje\/kampanje-vifter\/\">\n\t\t\t\t\t\t<span class=\"elementor-button-content-wrapper\">\n\t\t\t\t\t\t\t\t\t<span class=\"elementor-button-text\">Se Kampanje <\/span>\n\t\t\t\t\t<\/span>\n\t\t\t\t\t<\/a>\n\t\t\t\t<\/div>\n\t\t\t\t\t\t\t\t<\/div>\n\t\t\t\t<\/div>\n\t\t\t\t<\/div>\n\t\t<div class=\"elementor-element elementor-element-002e591 e-con-full e-flex e-con e-child\" data-id=\"002e591\" data-element_type=\"container\" data-e-type=\"container\">\n\t\t\t\t<div class=\"elementor-element elementor-element-43fe9ec elementor-widget elementor-widget-image\" data-id=\"43fe9ec\" data-element_type=\"widget\" data-e-type=\"widget\" data-widget_type=\"image.default\">\n\t\t\t\t<div class=\"elementor-widget-container\">\n\t\t\t\t\t\t\t\t\t\t\t\t\t\t\t<img decoding=\"async\" width=\"800\" height=\"339\" src=\"https:\/\/shop.ostberg.com\/no\/wp-content\/uploads\/2026\/01\/Kampanje_dammsuger-1024x434.jpg\" class=\"attachment-large size-large wp-image-255545\" alt=\"\" srcset=\"https:\/\/shop.ostberg.com\/no\/wp-content\/uploads\/2026\/01\/Kampanje_dammsuger-1024x434.jpg 1024w, https:\/\/shop.ostberg.com\/no\/wp-content\/uploads\/2026\/01\/Kampanje_dammsuger-300x127.jpg 300w, https:\/\/shop.ostberg.com\/no\/wp-content\/uploads\/2026\/01\/Kampanje_dammsuger-768x326.jpg 768w, https:\/\/shop.ostberg.com\/no\/wp-content\/uploads\/2026\/01\/Kampanje_dammsuger-1536x652.jpg 1536w, https:\/\/shop.ostberg.com\/no\/wp-content\/uploads\/2026\/01\/Kampanje_dammsuger-600x255.jpg 600w, https:\/\/shop.ostberg.com\/no\/wp-content\/uploads\/2026\/01\/Kampanje_dammsuger.jpg 1584w\" sizes=\"(max-width: 800px) 100vw, 800px\" \/>\t\t\t\t\t\t\t\t\t\t\t\t\t\t\t<\/div>\n\t\t\t\t<\/div>\n\t\t\t\t<div class=\"elementor-element elementor-element-156962e elementor-widget elementor-widget-heading\" data-id=\"156962e\" data-element_type=\"widget\" data-e-type=\"widget\" data-widget_type=\"heading.default\">\n\t\t\t\t<div class=\"elementor-widget-container\">\n\t\t\t\t\t<h2 class=\"elementor-heading-title elementor-size-default\">Dammsugertilbeh\u00f8r med fri frakt!<\/h2>\t\t\t\t<\/div>\n\t\t\t\t<\/div>\n\t\t\t\t<div class=\"elementor-element elementor-element-534ae14 elementor-widget elementor-widget-button\" data-id=\"534ae14\" data-element_type=\"widget\" data-e-type=\"widget\" data-widget_type=\"button.default\">\n\t\t\t\t<div class=\"elementor-widget-container\">\n\t\t\t\t\t\t\t\t\t<div class=\"elementor-button-wrapper\">\n\t\t\t\t\t<a class=\"elementor-button elementor-button-link elementor-size-sm\" href=\"https:\/\/shop.ostberg.com\/no\/kampanje\/kampanje-dammsugertilbehor\/\">\n\t\t\t\t\t\t<span class=\"elementor-button-content-wrapper\">\n\t\t\t\t\t\t\t\t\t<span class=\"elementor-button-text\">Se Kampanje <\/span>\n\t\t\t\t\t<\/span>\n\t\t\t\t\t<\/a>\n\t\t\t\t<\/div>\n\t\t\t\t\t\t\t\t<\/div>\n\t\t\t\t<\/div>\n\t\t\t\t<\/div>\n\t\t\t\t\t<\/div>\n\t\t\t\t<\/div>\n\t\t\t\t<\/div>\n\t\t","protected":false},"excerpt":{"rendered":"<p>Kampanjer hos \u00d6stberg Her finner du aktuelle kampanjer og kampanjepriser p\u00e5 \u00d6stbergs produkter i v\u00e5r norske nettbutikk. Vi samler l\u00f8pende tilbud p\u00e5 ventilasjonsprodukter, originalfilter og tilbeh\u00f8r til sentralst\u00f8vsuger, slik at du enkelt kan gj\u00f8re et godt kj\u00f8p. Utforsk v\u00e5re p\u00e5g\u00e5ende kampanjer nedenfor og finn kvalitetsprodukter fra \u00d6stberg til ekstra gode priser. Effektive vifter og tilbeh\u00f8r [&hellip;]<\/p>\n","protected":false},"author":2,"featured_media":0,"parent":0,"menu_order":0,"comment_status":"closed","ping_status":"closed","template":"","meta":{"inline_featured_image":false,"footnotes":""},"class_list":["post-51887","page","type-page","status-publish","hentry"],"_links":{"self":[{"href":"https:\/\/shop.ostberg.com\/no\/wp-json\/wp\/v2\/pages\/51887","targetHints":{"allow":["GET"]}}],"collection":[{"href":"https:\/\/shop.ostberg.com\/no\/wp-json\/wp\/v2\/pages"}],"about":[{"href":"https:\/\/shop.ostberg.com\/no\/wp-json\/wp\/v2\/types\/page"}],"author":[{"embeddable":true,"href":"https:\/\/shop.ostberg.com\/no\/wp-json\/wp\/v2\/users\/2"}],"replies":[{"embeddable":true,"href":"https:\/\/shop.ostberg.com\/no\/wp-json\/wp\/v2\/comments?post=51887"}],"version-history":[{"count":22,"href":"https:\/\/shop.ostberg.com\/no\/wp-json\/wp\/v2\/pages\/51887\/revisions"}],"predecessor-version":[{"id":255563,"href":"https:\/\/shop.ostberg.com\/no\/wp-json\/wp\/v2\/pages\/51887\/revisions\/255563"}],"wp:attachment":[{"href":"https:\/\/shop.ostberg.com\/no\/wp-json\/wp\/v2\/media?parent=51887"}],"curies":[{"name":"wp","href":"https:\/\/api.w.org\/{rel}","templated":true}]}}