{"id":3,"date":"2023-03-20T08:22:49","date_gmt":"2023-03-20T08:22:49","guid":{"rendered":"http:\/\/apistoretest.utvsajt.se\/?page_id=3"},"modified":"2023-10-03T10:17:08","modified_gmt":"2023-10-03T08:17:08","slug":"privacy-policy","status":"publish","type":"page","link":"https:\/\/shop.ostberg.com\/no\/privacy-policy\/","title":{"rendered":"DATABESKYTTELSES POLICY"},"content":{"rendered":"\t\t<div data-elementor-type=\"wp-page\" data-elementor-id=\"3\" class=\"elementor elementor-3\" data-elementor-post-type=\"page\">\n\t\t\t\t<div class=\"elementor-element elementor-element-291c7b1 e-flex e-con-boxed e-con e-parent\" data-id=\"291c7b1\" data-element_type=\"container\" data-e-type=\"container\">\n\t\t\t\t\t<div class=\"e-con-inner\">\n\t\t\t\t<div class=\"elementor-element elementor-element-577033a elementor-widget elementor-widget-heading\" data-id=\"577033a\" data-element_type=\"widget\" data-e-type=\"widget\" data-widget_type=\"heading.default\">\n\t\t\t\t<div class=\"elementor-widget-container\">\n\t\t\t\t\t<h1 class=\"elementor-heading-title elementor-size-default\">DATABESKYTTELSES POLICY<\/h1>\t\t\t\t<\/div>\n\t\t\t\t<\/div>\n\t\t\t\t<div class=\"elementor-element elementor-element-a1fed3a elementor-widget elementor-widget-text-editor\" data-id=\"a1fed3a\" data-element_type=\"widget\" data-e-type=\"widget\" data-widget_type=\"text-editor.default\">\n\t\t\t\t<div class=\"elementor-widget-container\">\n\t\t\t\t\t\t\t\t\t<p>H. \u00d6stberg AB (heretter referert til som &#8220;vi&#8221;, &#8220;oss&#8221;) er ansvarlig for at personopplysninger for behandlingen av dine personopplysninger er i samsvar med denne personvernerkl\u00e6ring, med mindre annet er angitt nedenfor.<\/p><p>V\u00e5r m\u00e5lsettning er at du skal f\u00f8le deg trygg n\u00e5r du gir oss personopplysninger til oss. Vi s\u00f8rger for at behandlingen skjer i samsvar med gjeldende personvernlovgivning og v\u00e5re interne retningslinjer, retningslinjer og rutiner for h\u00e5ndtering av personopplysninger.<\/p><p>Policynen viser til: H. \u00d6stberg AB (org.nr 556301\u20132201) og \u00d6stberg Norge AS (org nr. 939625593)<br \/>Dataskyddsansvarig: HR-chef, e-post hr@ostberg.com<\/p><h3>Hvorfor samler vi inn, lagrer og behandler vi personopplysninger?<\/h3><p>Vi samler inn, lagrer og behandler personopplysninger for \u00e5 oppfylle v\u00e5re avtaler\/relasjoner til v\u00e5re kunder, leverand\u00f8rer, ansatte og andre interessenter. Vi lagrer personopplysningene s\u00e5 lenge det er n\u00f8dvendig og det er et juridisk grunnlag. Vi behandler personopplysninger for \u00e5 administrere forholdet v\u00e5rt, f.eks. til:<\/p><ul><li>ordrebehandling<\/li><li>leveranser av v\u00e5re produkter og tjenester<\/li><li>levering av n\u00f8dvendig avtalt service og relevante produkter<\/li><li>svare p\u00e5 sp\u00f8rsm\u00e5l<\/li><li>gj\u00f8re v\u00e5re kunder og leverand\u00f8rer oppmerksomme p\u00e5 endringer<\/li><\/ul><p><br \/>Personopplysninger brukes ogs\u00e5 til \u00e5 tilpasse, forbedre og videreutvikle v\u00e5re redaksjonelle og kommersielle tjenester for \u00e5 gi \u00f8kt verdi for den enkelte. Ved \u00e5 h\u00e5ndtere personopplysningene kan vi gi deg relevant informasjon og anbefalinger.<\/p><p>Vi bruker kun dine personopplysninger til form\u00e5l som vi enten har inng\u00e5tt en avtale om, som du har valgt \u00e5 gi ditt samtykke til, og som er n\u00f8dvendig for \u00e5 administrere forholdet v\u00e5rt, eller som er n\u00f8dvendig for \u00e5 beskytte en annen legitim interesse der ditt behov for personvern er beskyttet. For v\u00e5r innsamling, oppbevaring og eventuell behandling kan det ogs\u00e5 v\u00e6re lovkrav som f.eks. for bokf\u00f8ring\/regnskap.<\/p><h3>Hvilken informasjon samler vi inn?<\/h3><p>Du kan direkte eller indirekte gi oss informasjon om deg selv p\u00e5 en rekke forskjellige m\u00e5ter, for eksempel n\u00e5r du henvender deg om et produkt eller en tjeneste som vi selger, n\u00e5r du bestiller produkter\/tjenester, gir oss beskjed om at du \u00f8nsker \u00e5 motta nyhetsbrev, samhandle p\u00e5 v\u00e5re sosiale medier eller n\u00e5r du kontakter oss p\u00e5 e-post, brev eller telefon.<\/p><p>Kildene kan deles inn i to hovedkategorier som forklart nedenfor:<\/p><p>a. Informasjon du gir oss<br \/>Denne informasjonen kan v\u00e6re:<\/p><ul><li>Person- og kontaktinformasjon \u2013 navn, f\u00f8dselsdato, fakturerings- og leveringsadresse, e-postadresse, mobiltelefonnummer, etc.<\/li><li>Betalingsinformasjon \u2013 fakturainformasjon mm.<\/li><\/ul><p>b. Informasjon vi registrerer om deg n\u00e5r du bruker v\u00e5re tjenester og produkter.<br \/>Denne informasjonen kan v\u00e6re:<\/p><ul><li>Person- og kontaktinformasjon som navn, f\u00f8dselsdato, fakturerings- og leveringsadresse, e-postadresse, mobilnummer og stilling i selskapet du er ansatt.<\/li><li>Informasjon om produkter\/tjenester \u2013 detaljer om produktene eller tjenestene du har kj\u00f8pt eller vist interesse for \u00e5 kj\u00f8pe.<\/li><li>Finansiell informasjon \u2013 enhver kreditt-, gjelds- eller negativ betalingshistorikk, \u00f8konomisk informasjon.<\/li><li>Historisk informasjon \u2013 tidligere kj\u00f8p, betalings- og kreditthistorikk<\/li><li>Enhetsinformasjon \u2013 f.eks. IP-adresse, spr\u00e5kinnstillinger, nettleserinnstillinger, tidssone, operativsystem, plattform og skjermoppl\u00f8sning.<\/li><li>Geografisk informasjon \u2013 din geografiske plassering.<\/li><li>Tid og dato for kommunikasjon\/bes\u00f8k p\u00e5 stedet<\/li><li>Atferdsm\u00f8nstre p\u00e5 nettside<\/li><\/ul><p>Informasjon du gir oss, som vi samler inn om deg samt informasjon om produktene\/tjenestene og den \u00f8konomiske informasjonen er generelt n\u00f8dvendig for \u00e5 inng\u00e5 et kontraktsforhold med oss, mens den \u00f8vrige informasjonen vi samler inn generelt er n\u00f8dvendig for andre form\u00e5l beskrevet ovenfor.<\/p><h3>Hva gj\u00f8r vi med informasjonen?<\/h3><p>Informasjonen brukes til \u00e5 tilby, utf\u00f8re og forbedre v\u00e5re produkter, tjenester og informasjonskanaler.<br \/>Vi bruker informasjonen til \u00e5:<\/p><ul><li>For \u00e5 bekrefte identiteten din og bekrefte dine personlige opplysninger og kontaktinformasjon.<\/li><li>For \u00e5 utf\u00f8re v\u00e5re kontraktsmessige forpliktelser overfor deg.<\/li><li>For \u00e5 oppfylle v\u00e5re forpliktelser overfor v\u00e5re kunder og leverand\u00f8rer, samt \u00e5 gi v\u00e5re kunder og andre interessenter informasjon, produkter og tjenester.<\/li><li>For \u00e5 sikre at innhold presenteres effektivt for deg og enheten din.<\/li><li>\u00c5 utf\u00f8re risikoanalyse, svindelforebygging og risikostyring.<\/li><li>For \u00e5 overholde gjeldende regelverk og andre legitime interesser.<\/li><li>For \u00e5 overholde gjeldende lovgivning, slik som lover mot hvitvasking av penger og regnskapslover.<\/li><\/ul><h3>Hvem deler vi data med?<\/h3><p>For \u00e5 oppfylle form\u00e5lene med v\u00e5r behandling av dine personopplysninger som angitt ovenfor, bruker vi i noen tilfeller tjenesteleverand\u00f8rer som behandler personopplysninger p\u00e5 v\u00e5re vegne. Disse tjenesteleverand\u00f8rene kan kun behandle dine personopplysninger i samsvar med gjeldende lovgivning. De er p\u00e5lagt \u00e5 ta passende tekniske og organisatoriske sikkerhetstiltak for \u00e5 beskytte dataene dine.<\/p><p>Der det er aktuelt, kan vi utlevere dine personopplysninger til andre mottakere enn de som er spesifisert ovenfor for \u00e5 overholde gjeldende lover og forskrifter, utf\u00f8re en foresp\u00f8rsel eller en ordre fra en kompetent domstol eller myndighet, og for \u00e5 tilfredsstille v\u00e5r legitime interesse i \u00e5 etablere, hevde og forsvare rettslige krav. Vi vil ikke selge den innsamlede informasjonen til tredjeparter.<\/p><h3>Lagring og sletting<\/h3><p>Vi vil beholde dine personopplysninger s\u00e5 lenge informasjonen er n\u00f8dvendig (karanteneperiode) for \u00e5 oppfylle form\u00e5lene beskrevet i denne personvernerkl\u00e6ringen. N\u00e5r dine personopplysninger ikke lenger er relevante for form\u00e5lene de ble samlet inn for, vil vi slette eller anonymisere dataene. Av sikkerhetsmessige og regnskapsmessige \u00e5rsaker er vi p\u00e5lagt \u00e5 beholde visse opplysninger om betalingstransaksjoner etter karanteneperioden. Av sikkerhetsgrunner beholder vi ogs\u00e5 informasjon som du har gitt oss, i tillegg til p\u00e5loggingshistorikken din, for \u00e5 unders\u00f8ke og forhindre svindel og misbruk.<\/p><p>Vi behandler data innenfor EU\/E\u00d8S. Vi tar alle rimelige juridiske, tekniske og organisatoriske tiltak for \u00e5 sikre at data h\u00e5ndteres sikkert og med et tilstrekkelig beskyttelsesniv\u00e5.<\/p><h3>Dine rettigheter<\/h3><p>Du har rett til p\u00e5 foresp\u00f8rsel \u00e5 motta informasjon om hvilke personopplysninger om deg vi behandler. Dersom opplysningene vi har om deg er feil, kan du be om \u00e5 f\u00e5 opplysningene rettet, supplert eller slettet. For \u00e5 f\u00e5 slettet informasjon eller data m\u00e5 du kontakte personvernombudet.<\/p><p>For \u00e5 sikre at personopplysninger utleveres til rett person, kan vi kreve at foresp\u00f8rselen om innsyn gj\u00f8res skriftlig eller at identiteten bekreftes p\u00e5 annen m\u00e5te. I henhold til databeskyttelsesforordningen skal opplysninger som ikke lenger er n\u00f8dvendige for form\u00e5let den er lagret for slettes, vi lagrer personopplysninger i henhold til gjeldende lovgivning.<\/p><p>I tillegg til ovennevnte gjelder ogs\u00e5 f\u00f8lgende rettigheter:<\/p><ul><li>Rett til \u00e5 motsette seg behandling basert p\u00e5 en interesseavveining Du har rett til \u00e5 motsette seg behandling basert p\u00e5 en interesseavveining. Vi kan imidlertid fortsette \u00e5 behandle dataene dine, selv om du har protestert mot behandlingen, dersom vi har tungtveiende legitime grunner for behandlingen som veier tyngre enn personverninteressen.<\/li><li>Rett til \u00e5 be om begrensning av behandling Du har ogs\u00e5 rett til, i tilfeller der gjeldende personvernlovgivning foreskriver det, \u00e5 be om at behandlingen av dine personopplysninger begrenses. V\u00e6r imidlertid oppmerksom p\u00e5 at dersom du ber om at behandlingen av dine data begrenses, kan det bety at vi ikke kan oppfylle v\u00e5re eventuelle forpliktelser overfor deg og\/eller din bedrift i den tiden behandlingen er begrenset.<\/li><\/ul><h3>Sikkerhet<\/h3><p>Vi jobber kontinuerlig for \u00e5 beskytte personvernet til v\u00e5re kunder, leverand\u00f8rer og andre interessenter. V\u00e5rt sikkerhetsarbeid omfatter arbeid med IT-infrastruktur, oppl\u00e6ring av personell og sikring av anlegg og utstyr.<\/p><p>H. \u00d6stberg AB\/\u00d6stberg Norge AS skal s\u00f8rge for at den innsamlede informasjonen ikke brukes i strid med form\u00e5let den er samlet inn for og de avtaler og bruksvilk\u00e5r som alltid eksisterer. H. \u00d6stberg AB\/\u00d6stberg Norge AS har derfor etablert rutiner og tiltak for \u00e5 sikre at uvedkommende ikke f\u00e5r tilgang til dine personopplysninger.<\/p><h3>Endringer i personvernpolicyen<\/h3><p>Vi forbeholder oss retten til \u00e5 gj\u00f8re endringer i personvernerkl\u00e6ringen, siste versjon vil alltid bli publisert p\u00e5 nettsiden v\u00e5r www.ostberg.com<\/p><p>Databeskyttelsespolicyen ble sist oppdatert 2023-02-20<\/p><h3>Hvem kontakter jeg ved sp\u00f8rsm\u00e5l?<\/h3><p>Kontaktinformasjon<\/p><p><strong>\u00d6stberg Norge AS:<\/strong><br \/>Organisationsnummer: 939625593<br \/>Ann-Christine Perers, HR-chef<br \/>E-post: ann-christine.perers@ostberg.com<br \/>Telefonnummer: +46 226-860 47<br \/>Bes\u00f8ksadresse: Vak\u00e5sveien 7, 1395 Hvalstad<br \/>Postadresse: Postboks 67, 1300 Sandvika<\/p>\t\t\t\t\t\t\t\t<\/div>\n\t\t\t\t<\/div>\n\t\t\t\t<div class=\"elementor-element elementor-element-d3b2c1e elementor-widget elementor-widget-heading\" data-id=\"d3b2c1e\" data-element_type=\"widget\" data-e-type=\"widget\" data-widget_type=\"heading.default\">\n\t\t\t\t<div class=\"elementor-widget-container\">\n\t\t\t\t\t<h2 class=\"elementor-heading-title elementor-size-default\">Cookies<\/h2>\t\t\t\t<\/div>\n\t\t\t\t<\/div>\n\t\t\t\t<div class=\"elementor-element elementor-element-554f4bc elementor-widget elementor-widget-text-editor\" data-id=\"554f4bc\" data-element_type=\"widget\" data-e-type=\"widget\" data-widget_type=\"text-editor.default\">\n\t\t\t\t<div class=\"elementor-widget-container\">\n\t\t\t\t\t\t\t\t\t<p>Ikrafttredelsesdato: 2. oktober 2023<br \/>Sist oppdatert: 02. oktober 2023<\/p><p><strong>Hva er informasjonskapsler?<\/strong><\/p><p>Denne retningslinjen for informasjonskapsler forklarer hva informasjonskapsler er og hvordan vi bruker dem, hvilke typer informasjonskapsler vi bruker, dvs. informasjonen vi samler inn ved hjelp av informasjonskapsler og hvordan denne informasjonen brukes, og hvordan du administrerer informasjonskapselinnstillingene.<br \/>Informasjonskapsler er sm\u00e5 tekstfiler som brukes til \u00e5 lagre sm\u00e5 biter av informasjon. De lagres p\u00e5 enheten din n\u00e5r nettstedet lastes inn i nettleseren din. Disse informasjonskapslene hjelper oss med \u00e5 f\u00e5 nettstedet til \u00e5 fungere ordentlig, gj\u00f8re det sikrere, gi bedre brukeropplevelse og forst\u00e5 hvordan nettstedet fungerer og analysere hva som fungerer og hvor det trenger forbedring.<\/p><p><strong>Hvordan bruker vi informasjonskapsler?<\/strong><\/p><p>Som de fleste av de elektroniske tjenestene, bruker nettstedet v\u00e5rt f\u00f8rsteparts og tredjeparts informasjonskapsler til flere form\u00e5l. F\u00f8rsteparts informasjonskapsler er stort sett n\u00f8dvendige for at nettstedet skal fungere p\u00e5 riktig m\u00e5te, og de samler ikke inn noen av dine personlig identifiserbare data.<br \/>Tredjepartsinformasjonskapslene som brukes p\u00e5 nettstedet v\u00e5rt er hovedsakelig for \u00e5 forst\u00e5 hvordan nettstedet fungerer, hvordan du samhandler med nettstedet v\u00e5rt, holde tjenestene v\u00e5re sikre, levere annonser som er relevante for deg, og alt i alt gi deg en bedre og forbedret bruker oppleve og bidra til \u00e5 fremskynde fremtidige interaksjoner med nettstedet v\u00e5rt.<\/p><p><strong>Typer informasjonskapsler vi bruker<\/strong><\/p><div class=\"cky-audit-table-element\">\u00a0<\/div><p><strong>Administrer informasjonskapselpreferanser<\/strong><\/p><p><a class=\"cky-banner-element\">Innstillinger for informasjonskapsler<\/a><\/p><p>Du kan endre innstillingene dine for informasjonskapsler n\u00e5r som helst ved \u00e5 klikke p\u00e5 knappen ovenfor. Dette lar deg g\u00e5 tilbake til banneret for informasjonskapselsamtykke og endre innstillingene dine eller trekke tilbake samtykket ditt med en gang.<\/p><p>I tillegg til dette tilbyr forskjellige nettlesere forskjellige metoder for \u00e5 blokkere og slette informasjonskapsler som brukes av nettsteder.<br \/>Du kan endre innstillingene til nettleseren din for \u00e5 blokkere\/slette informasjonskapslene. Nedenfor er lenkene til st\u00f8ttedokumentene om hvordan du administrerer og sletter informasjonskapsler fra de store nettleserne.<\/p><p>Chrome: <a href=\"https:\/\/support.google.com\/accounts\/answer\/32050\" target=\"_blank\" rel=\"noopener\">https:\/\/support.google.com\/accounts\/answer\/32050<\/a><\/p><p>Safari: <a href=\"https:\/\/support.apple.com\/en-in\/guide\/safari\/sfri11471\/mac\" target=\"_blank\" rel=\"noopener\">https:\/\/support.apple.com\/en-in\/guide\/safari\/sfri11471\/mac<\/a><\/p><p>Firefox: <a href=\"https:\/\/support.mozilla.org\/en-US\/kb\/clear-cookies-and-site-data-firefox?redirectslug=delete-cookies-remove-info-websites-stored&amp;redirectlocale=en-US\" target=\"_blank\" rel=\"noopener\">https:\/\/support.mozilla.org\/en-US\/kb\/clear-cookies-and-site-data-firefox?redirectslug=delete-cookies-remove-info-websites-stored&amp;redirectlocale=en-US<\/a><\/p><p>Internet Explorer: <a href=\"https:\/\/support.microsoft.com\/en-us\/topic\/how-to-delete-cookie-files-in-internet-explorer-bca9446f-d873-78de-77ba-d42645fa52fc\" target=\"_blank\" rel=\"noopener\">https:\/\/support.microsoft.com\/en-us\/topic\/how-to-delete-cookie-files-in-internet-explorer-bca9446f-d873-78de-77ba-d42645fa52fc<\/a><\/p><p>Hvis du bruker en annen nettleser, vennligst bes\u00f8k nettleserens offisielle st\u00f8ttedokumenter.<\/p>\t\t\t\t\t\t\t\t<\/div>\n\t\t\t\t<\/div>\n\t\t\t\t\t<\/div>\n\t\t\t\t<\/div>\n\t\t\t\t<\/div>\n\t\t","protected":false},"excerpt":{"rendered":"<p>DATABESKYTTELSES POLICY H. \u00d6stberg AB (heretter referert til som &#8220;vi&#8221;, &#8220;oss&#8221;) er ansvarlig for at personopplysninger for behandlingen av dine personopplysninger er i samsvar med denne personvernerkl\u00e6ring, med mindre annet er angitt nedenfor. V\u00e5r m\u00e5lsettning er at du skal f\u00f8le deg trygg n\u00e5r du gir oss personopplysninger til oss. Vi s\u00f8rger for at behandlingen skjer [&hellip;]<\/p>\n","protected":false},"author":1,"featured_media":0,"parent":0,"menu_order":0,"comment_status":"closed","ping_status":"open","template":"","meta":{"inline_featured_image":false,"footnotes":""},"class_list":["post-3","page","type-page","status-publish","hentry"],"_links":{"self":[{"href":"https:\/\/shop.ostberg.com\/no\/wp-json\/wp\/v2\/pages\/3","targetHints":{"allow":["GET"]}}],"collection":[{"href":"https:\/\/shop.ostberg.com\/no\/wp-json\/wp\/v2\/pages"}],"about":[{"href":"https:\/\/shop.ostberg.com\/no\/wp-json\/wp\/v2\/types\/page"}],"author":[{"embeddable":true,"href":"https:\/\/shop.ostberg.com\/no\/wp-json\/wp\/v2\/users\/1"}],"replies":[{"embeddable":true,"href":"https:\/\/shop.ostberg.com\/no\/wp-json\/wp\/v2\/comments?post=3"}],"version-history":[{"count":1,"href":"https:\/\/shop.ostberg.com\/no\/wp-json\/wp\/v2\/pages\/3\/revisions"}],"predecessor-version":[{"id":82775,"href":"https:\/\/shop.ostberg.com\/no\/wp-json\/wp\/v2\/pages\/3\/revisions\/82775"}],"wp:attachment":[{"href":"https:\/\/shop.ostberg.com\/no\/wp-json\/wp\/v2\/media?parent=3"}],"curies":[{"name":"wp","href":"https:\/\/api.w.org\/{rel}","templated":true}]}}