{"id":255533,"date":"2026-01-15T07:57:05","date_gmt":"2026-01-15T06:57:05","guid":{"rendered":"https:\/\/shop.ostberg.com\/no\/?page_id=255533"},"modified":"2026-01-15T08:14:40","modified_gmt":"2026-01-15T07:14:40","slug":"kampanje-dammsugertilbehor","status":"publish","type":"page","link":"https:\/\/shop.ostberg.com\/no\/kampanje\/kampanje-dammsugertilbehor\/","title":{"rendered":"Kampanje &#8211; Dammsugertilbeh\u00f8r"},"content":{"rendered":"\t\t<div data-elementor-type=\"wp-page\" data-elementor-id=\"255533\" class=\"elementor elementor-255533\" data-elementor-post-type=\"page\">\n\t\t\t\t<div class=\"elementor-element elementor-element-f962f5e e-flex e-con-boxed e-con e-parent\" data-id=\"f962f5e\" data-element_type=\"container\" data-e-type=\"container\">\n\t\t\t\t\t<div class=\"e-con-inner\">\n\t\t<div class=\"elementor-element elementor-element-a4c31d0 e-con-full e-flex e-con e-child\" data-id=\"a4c31d0\" data-element_type=\"container\" data-e-type=\"container\">\n\t\t\t\t<div class=\"elementor-element elementor-element-803f46f elementor-widget elementor-widget-heading\" data-id=\"803f46f\" data-element_type=\"widget\" data-e-type=\"widget\" data-widget_type=\"heading.default\">\n\t\t\t\t<div class=\"elementor-widget-container\">\n\t\t\t\t\t<h1 class=\"elementor-heading-title elementor-size-default\">Kampanj \u2013 Dammsugertilbeh\u00f8r med fri frakt!<\/h1>\t\t\t\t<\/div>\n\t\t\t\t<\/div>\n\t\t\t\t<div class=\"elementor-element elementor-element-1fe98c1 elementor-widget elementor-widget-text-editor\" data-id=\"1fe98c1\" data-element_type=\"widget\" data-e-type=\"widget\" data-widget_type=\"text-editor.default\">\n\t\t\t\t<div class=\"elementor-widget-container\">\n\t\t\t\t\t\t\t\t\t<p>Gj\u00f8r et kupp p\u00e5 dammsugertilbeh\u00f8r! Vi t\u00f8mmer lageret med fantastiske rabatter. Kvalitetstilbeh\u00f8r til superpriser \u2013 kun s\u00e5 langt lageret rekker!<\/p><p>Ikke g\u00e5 glipp av sjansen til \u00e5 oppgradere rengj\u00f8ringen hjemme. <strong>Fri frakt<\/strong> p\u00e5 alle kj\u00f8p gj\u00f8r dette tilbudet enda bedre. Skynd deg \u2013 salget varer kun i en begrenset periode!<\/p>\t\t\t\t\t\t\t\t<\/div>\n\t\t\t\t<\/div>\n\t\t\t\t<\/div>\n\t\t<div class=\"elementor-element elementor-element-c420ac1 e-con-full e-flex e-con e-child\" data-id=\"c420ac1\" data-element_type=\"container\" data-e-type=\"container\" data-settings=\"{&quot;background_background&quot;:&quot;classic&quot;}\">\n\t\t\t\t<\/div>\n\t\t\t\t\t<\/div>\n\t\t\t\t<\/div>\n\t\t<div class=\"elementor-element elementor-element-32cc279 e-flex e-con-boxed e-con e-parent\" data-id=\"32cc279\" data-element_type=\"container\" data-e-type=\"container\">\n\t\t\t\t\t<div class=\"e-con-inner\">\n\t\t\t\t<div class=\"woocommerce elementor-element elementor-element-f91521d elementor-grid-4 elementor-grid-mobile-1 elementor-grid-tablet-3 elementor-widget elementor-widget-loop-grid\" data-id=\"f91521d\" data-element_type=\"widget\" data-e-type=\"widget\" data-settings=\"{&quot;template_id&quot;:&quot;44270&quot;,&quot;columns&quot;:4,&quot;_skin&quot;:&quot;product&quot;,&quot;pagination_type&quot;:&quot;numbers_and_prev_next&quot;,&quot;columns_mobile&quot;:1,&quot;row_gap_mobile&quot;:{&quot;unit&quot;:&quot;px&quot;,&quot;size&quot;:16,&quot;sizes&quot;:[]},&quot;columns_tablet&quot;:3,&quot;edit_handle_selector&quot;:&quot;[data-elementor-type=\\&quot;loop-item\\&quot;]&quot;,&quot;pagination_load_type&quot;:&quot;page_reload&quot;,&quot;row_gap&quot;:{&quot;unit&quot;:&quot;px&quot;,&quot;size&quot;:&quot;&quot;,&quot;sizes&quot;:[]},&quot;row_gap_tablet&quot;:{&quot;unit&quot;:&quot;px&quot;,&quot;size&quot;:&quot;&quot;,&quot;sizes&quot;:[]}}\" data-widget_type=\"loop-grid.product\">\n\t\t\t\t<div class=\"elementor-widget-container\">\n\t\t\t\t\t\t\t<div class=\"elementor-loop-container elementor-grid\" role=\"list\">\n\t\t<style id=\"loop-44270\">.elementor-44270 .elementor-element.elementor-element-c23b709{--display:flex;--flex-direction:column;--container-widget-width:100%;--container-widget-height:initial;--container-widget-flex-grow:0;--container-widget-align-self:initial;--flex-wrap-mobile:wrap;--gap:15px 15px;--row-gap:15px;--column-gap:15px;--margin-top:0px;--margin-bottom:0px;--margin-left:0px;--margin-right:0px;--padding-top:0px;--padding-bottom:0px;--padding-left:0px;--padding-right:0px;}.elementor-44270 .elementor-element.elementor-element-688a382{--display:flex;--min-height:149px;--border-radius:0px 0px 0px 0px;}.elementor-44270 .elementor-element.elementor-element-688a382:not(.elementor-motion-effects-element-type-background), .elementor-44270 .elementor-element.elementor-element-688a382 > .elementor-motion-effects-container > .elementor-motion-effects-layer{background-color:#FFFFFF;}.elementor-44270 .elementor-element.elementor-element-a0f0018 img{width:185px;height:185px;}.elementor-44270 .elementor-element.elementor-element-66d9f56{--display:flex;--min-height:55px;--padding-top:0px;--padding-bottom:0px;--padding-left:5px;--padding-right:5px;}.elementor-44270 .elementor-element.elementor-element-ab305b4 .elementor-heading-title{font-family:\"Raleway\", Sans-serif;font-size:15px;font-weight:700;font-style:normal;line-height:20px;}.elementor-44270 .elementor-element.elementor-element-dd798df .elementor-heading-title{font-family:\"Lato\", Sans-serif;font-size:16px;}.elementor-44270 .elementor-element.elementor-element-dd798df > .elementor-widget-container{margin:0px 0px 0px 5px;}.elementor-44270 .elementor-element.elementor-element-61ee1c4 .elementor-button{font-family:\"Raleway\", Sans-serif;font-size:10px;font-weight:700;fill:var( --e-global-color-3546d99 );color:var( --e-global-color-3546d99 );background-color:var( --e-global-color-09e983c );border-radius:30px 30px 30px 30px;}.elementor-44270 .elementor-element.elementor-element-f6d5187 .elementor-tab-title{border-width:0px;padding:0px 0px 0px 0px;}.elementor-44270 .elementor-element.elementor-element-f6d5187 .elementor-tab-content{border-width:0px;font-family:\"Raleway\", Sans-serif;font-size:12px;font-weight:500;text-transform:uppercase;}.elementor-44270 .elementor-element.elementor-element-f6d5187 .elementor-toggle-title{font-family:\"Raleway\", Sans-serif;font-size:12px;font-weight:700;text-transform:uppercase;}.elementor-44270 .elementor-element.elementor-element-f6d5187 > .elementor-widget-container{margin:0px 0px 0px 5px;}@media(max-width:767px){.elementor-44270 .elementor-element.elementor-element-ab305b4 .elementor-heading-title{font-size:13px;}.elementor-44270 .elementor-element.elementor-element-61ee1c4 .elementor-button{font-size:12px;}}<\/style>\t\t<div data-elementor-type=\"loop-item\" data-elementor-id=\"44270\" class=\"elementor elementor-44270 e-loop-item e-loop-item-63462 post-63462 product type-product status-publish has-post-thumbnail product_cat-rengjoringsverktoy product_cat-sentralstovsuger product_cat-tilbehor product_tag-kampanje product_shipping_class-kampanje first instock taxable shipping-taxable purchasable product-type-simple\" data-elementor-post-type=\"elementor_library\" data-custom-edit-handle=\"1\">\n\t\t\t<div class=\"elementor-element elementor-element-c23b709 e-flex e-con-boxed e-con e-parent\" data-id=\"c23b709\" data-element_type=\"container\" data-e-type=\"container\">\n\t\t\t\t\t<div class=\"e-con-inner\">\n\t\t<div class=\"elementor-element elementor-element-688a382 e-con-full e-flex e-con e-child\" data-id=\"688a382\" data-element_type=\"container\" data-e-type=\"container\" data-settings=\"{&quot;background_background&quot;:&quot;classic&quot;}\">\n\t\t\t\t<div class=\"elementor-element elementor-element-a0f0018 elementor-widget elementor-widget-image\" data-id=\"a0f0018\" data-element_type=\"widget\" data-e-type=\"widget\" data-widget_type=\"image.default\">\n\t\t\t\t<div class=\"elementor-widget-container\">\n\t\t\t\t\t\t\t\t\t\t\t\t\t\t\t\t<a href=\"https:\/\/shop.ostberg.com\/no\/product\/askebotte-big-dirt-for-grovrengjoring-og-garasje\/\">\n\t\t\t\t\t\t\t<img fetchpriority=\"high\" decoding=\"async\" width=\"800\" height=\"800\" src=\"https:\/\/shop.ostberg.com\/no\/wp-content\/uploads\/2026\/04\/Big20dirt20Askebotte-1-1024x1024.png\" class=\"attachment-large size-large wp-image-299696\" alt=\"\" srcset=\"https:\/\/shop.ostberg.com\/no\/wp-content\/uploads\/2026\/04\/Big20dirt20Askebotte-1-1024x1024.png 1024w, https:\/\/shop.ostberg.com\/no\/wp-content\/uploads\/2026\/04\/Big20dirt20Askebotte-1-300x300.png 300w, https:\/\/shop.ostberg.com\/no\/wp-content\/uploads\/2026\/04\/Big20dirt20Askebotte-1-150x150.png 150w, https:\/\/shop.ostberg.com\/no\/wp-content\/uploads\/2026\/04\/Big20dirt20Askebotte-1-768x768.png 768w, https:\/\/shop.ostberg.com\/no\/wp-content\/uploads\/2026\/04\/Big20dirt20Askebotte-1-600x600.png 600w, https:\/\/shop.ostberg.com\/no\/wp-content\/uploads\/2026\/04\/Big20dirt20Askebotte-1-100x100.png 100w, https:\/\/shop.ostberg.com\/no\/wp-content\/uploads\/2026\/04\/Big20dirt20Askebotte-1.png 1500w\" sizes=\"(max-width: 800px) 100vw, 800px\" \/>\t\t\t\t\t\t\t\t<\/a>\n\t\t\t\t\t\t\t\t\t\t\t\t\t\t\t<\/div>\n\t\t\t\t<\/div>\n\t\t\t\t<\/div>\n\t\t<div class=\"elementor-element elementor-element-66d9f56 e-con-full e-flex e-con e-child\" data-id=\"66d9f56\" data-element_type=\"container\" data-e-type=\"container\">\n\t\t\t\t<div class=\"elementor-element elementor-element-ab305b4 elementor-widget elementor-widget-heading\" data-id=\"ab305b4\" data-element_type=\"widget\" data-e-type=\"widget\" data-widget_type=\"heading.default\">\n\t\t\t\t<div class=\"elementor-widget-container\">\n\t\t\t\t\t<h2 class=\"elementor-heading-title elementor-size-default\"><a href=\"https:\/\/shop.ostberg.com\/no\/product\/askebotte-big-dirt-for-grovrengjoring-og-garasje\/\">Askeb\u00f8tte Big Dirt for grovrengj\u00f8ring og garasje<\/a><\/h2>\t\t\t\t<\/div>\n\t\t\t\t<\/div>\n\t\t\t\t<\/div>\n\t\t\t\t<div class=\"elementor-element elementor-element-dd798df elementor-widget elementor-widget-heading\" data-id=\"dd798df\" data-element_type=\"widget\" data-e-type=\"widget\" data-widget_type=\"heading.default\">\n\t\t\t\t<div class=\"elementor-widget-container\">\n\t\t\t\t\t<h3 class=\"elementor-heading-title elementor-size-default\"><span class=\"woocommerce-Price-amount amount\">311&nbsp;<span class=\"woocommerce-Price-currencySymbol\">&#107;&#114;<\/span><\/span> <small class=\"woocommerce-price-suffix\">inkl. MVA.<\/small><\/h3>\t\t\t\t<\/div>\n\t\t\t\t<\/div>\n\t\t\t\t<div class=\"elementor-element elementor-element-61ee1c4 elementor-widget elementor-widget-button\" data-id=\"61ee1c4\" data-element_type=\"widget\" data-e-type=\"widget\" data-widget_type=\"button.default\">\n\t\t\t\t<div class=\"elementor-widget-container\">\n\t\t\t\t\t\t\t\t\t<div class=\"elementor-button-wrapper\">\n\t\t\t\t\t<a class=\"elementor-button elementor-button-link elementor-size-sm\" href=\"https:\/\/shop.ostberg.com\/no?add-to-cart=63462&#038;quantity=1&#038;e-redirect=https:\/\/shop.ostberg.com\/no\/product\/askebotte-big-dirt-for-grovrengjoring-og-garasje\/\">\n\t\t\t\t\t\t<span class=\"elementor-button-content-wrapper\">\n\t\t\t\t\t\t\t\t\t<span class=\"elementor-button-text\">LEGG I HANDLEKURV<\/span>\n\t\t\t\t\t<\/span>\n\t\t\t\t\t<\/a>\n\t\t\t\t<\/div>\n\t\t\t\t\t\t\t\t<\/div>\n\t\t\t\t<\/div>\n\t\t\t\t<div class=\"elementor-element elementor-element-f6d5187 elementor-hidden-desktop elementor-hidden-tablet elementor-hidden-mobile elementor-widget elementor-widget-toggle\" data-id=\"f6d5187\" data-element_type=\"widget\" data-e-type=\"widget\" data-widget_type=\"toggle.default\">\n\t\t\t\t<div class=\"elementor-widget-container\">\n\t\t\t\t\t\t\t<div class=\"elementor-toggle\">\n\t\t\t\t\t\t\t<div class=\"elementor-toggle-item\">\n\t\t\t\t\t<div id=\"elementor-tab-title-2581\" class=\"elementor-tab-title\" data-tab=\"1\" role=\"button\" aria-controls=\"elementor-tab-content-2581\" aria-expanded=\"false\">\n\t\t\t\t\t\t\t\t\t\t\t\t<span class=\"elementor-toggle-icon elementor-toggle-icon-left\" aria-hidden=\"true\">\n\t\t\t\t\t\t\t\t\t\t\t\t\t\t\t<span class=\"elementor-toggle-icon-closed\"><i class=\"fas fa-caret-right\"><\/i><\/span>\n\t\t\t\t\t\t\t\t<span class=\"elementor-toggle-icon-opened\"><i class=\"elementor-toggle-icon-opened fas fa-caret-up\"><\/i><\/span>\n\t\t\t\t\t\t\t\t\t\t\t\t\t<\/span>\n\t\t\t\t\t\t\t\t\t\t\t\t<a class=\"elementor-toggle-title\" tabindex=\"0\">Passer til<\/a>\n\t\t\t\t\t<\/div>\n\n\t\t\t\t\t<div id=\"elementor-tab-content-2581\" class=\"elementor-tab-content elementor-clearfix\" data-tab=\"1\" role=\"region\" aria-labelledby=\"elementor-tab-title-2581\"><a href=\"https:\/\/shop.ostberg.com\/no\/product-tag\/kampanje\/\" rel=\"tag\">Kampanje<\/a><\/div>\n\t\t\t\t<\/div>\n\t\t\t\t\t\t\t\t<\/div>\n\t\t\t\t\t\t<\/div>\n\t\t\t\t<\/div>\n\t\t\t\t\t<\/div>\n\t\t\t\t<\/div>\n\t\t\t\t<\/div>\n\t\t\t\t<div data-elementor-type=\"loop-item\" data-elementor-id=\"44270\" class=\"elementor elementor-44270 e-loop-item e-loop-item-64856 post-64856 product type-product status-publish has-post-thumbnail product_cat-rengjoringsverktoy product_cat-sentralstovsuger product_cat-tilbehor product_tag-kampanje product_shipping_class-kampanje  instock taxable shipping-taxable purchasable product-type-simple\" data-elementor-post-type=\"elementor_library\" data-custom-edit-handle=\"1\">\n\t\t\t<div class=\"elementor-element elementor-element-c23b709 e-flex e-con-boxed e-con e-parent\" data-id=\"c23b709\" data-element_type=\"container\" data-e-type=\"container\">\n\t\t\t\t\t<div class=\"e-con-inner\">\n\t\t<div class=\"elementor-element elementor-element-688a382 e-con-full e-flex e-con e-child\" data-id=\"688a382\" data-element_type=\"container\" data-e-type=\"container\" data-settings=\"{&quot;background_background&quot;:&quot;classic&quot;}\">\n\t\t\t\t<div class=\"elementor-element elementor-element-a0f0018 elementor-widget elementor-widget-image\" data-id=\"a0f0018\" data-element_type=\"widget\" data-e-type=\"widget\" data-widget_type=\"image.default\">\n\t\t\t\t<div class=\"elementor-widget-container\">\n\t\t\t\t\t\t\t\t\t\t\t\t\t\t\t\t<a href=\"https:\/\/shop.ostberg.com\/no\/product\/kombinert-gulvmunnstykke-rd-295\/\">\n\t\t\t\t\t\t\t<img decoding=\"async\" width=\"800\" height=\"800\" src=\"https:\/\/shop.ostberg.com\/no\/wp-content\/uploads\/2026\/04\/Kombinert20gulvmunnstykke-1-1024x1024.png\" class=\"attachment-large size-large wp-image-299698\" alt=\"\" srcset=\"https:\/\/shop.ostberg.com\/no\/wp-content\/uploads\/2026\/04\/Kombinert20gulvmunnstykke-1-1024x1024.png 1024w, https:\/\/shop.ostberg.com\/no\/wp-content\/uploads\/2026\/04\/Kombinert20gulvmunnstykke-1-300x300.png 300w, https:\/\/shop.ostberg.com\/no\/wp-content\/uploads\/2026\/04\/Kombinert20gulvmunnstykke-1-150x150.png 150w, https:\/\/shop.ostberg.com\/no\/wp-content\/uploads\/2026\/04\/Kombinert20gulvmunnstykke-1-768x768.png 768w, https:\/\/shop.ostberg.com\/no\/wp-content\/uploads\/2026\/04\/Kombinert20gulvmunnstykke-1-600x600.png 600w, https:\/\/shop.ostberg.com\/no\/wp-content\/uploads\/2026\/04\/Kombinert20gulvmunnstykke-1-100x100.png 100w, https:\/\/shop.ostberg.com\/no\/wp-content\/uploads\/2026\/04\/Kombinert20gulvmunnstykke-1.png 1500w\" sizes=\"(max-width: 800px) 100vw, 800px\" \/>\t\t\t\t\t\t\t\t<\/a>\n\t\t\t\t\t\t\t\t\t\t\t\t\t\t\t<\/div>\n\t\t\t\t<\/div>\n\t\t\t\t<\/div>\n\t\t<div class=\"elementor-element elementor-element-66d9f56 e-con-full e-flex e-con e-child\" data-id=\"66d9f56\" data-element_type=\"container\" data-e-type=\"container\">\n\t\t\t\t<div class=\"elementor-element elementor-element-ab305b4 elementor-widget elementor-widget-heading\" data-id=\"ab305b4\" data-element_type=\"widget\" data-e-type=\"widget\" data-widget_type=\"heading.default\">\n\t\t\t\t<div class=\"elementor-widget-container\">\n\t\t\t\t\t<h2 class=\"elementor-heading-title elementor-size-default\"><a href=\"https:\/\/shop.ostberg.com\/no\/product\/kombinert-gulvmunnstykke-rd-295\/\">Kombinert gulvmunnstykke RD 295\u00a0\u00a0\u00a0<\/a><\/h2>\t\t\t\t<\/div>\n\t\t\t\t<\/div>\n\t\t\t\t<\/div>\n\t\t\t\t<div class=\"elementor-element elementor-element-dd798df elementor-widget elementor-widget-heading\" data-id=\"dd798df\" data-element_type=\"widget\" data-e-type=\"widget\" data-widget_type=\"heading.default\">\n\t\t\t\t<div class=\"elementor-widget-container\">\n\t\t\t\t\t<h3 class=\"elementor-heading-title elementor-size-default\"><span class=\"woocommerce-Price-amount amount\">124&nbsp;<span class=\"woocommerce-Price-currencySymbol\">&#107;&#114;<\/span><\/span> <small class=\"woocommerce-price-suffix\">inkl. MVA.<\/small><\/h3>\t\t\t\t<\/div>\n\t\t\t\t<\/div>\n\t\t\t\t<div class=\"elementor-element elementor-element-61ee1c4 elementor-widget elementor-widget-button\" data-id=\"61ee1c4\" data-element_type=\"widget\" data-e-type=\"widget\" data-widget_type=\"button.default\">\n\t\t\t\t<div class=\"elementor-widget-container\">\n\t\t\t\t\t\t\t\t\t<div class=\"elementor-button-wrapper\">\n\t\t\t\t\t<a class=\"elementor-button elementor-button-link elementor-size-sm\" href=\"https:\/\/shop.ostberg.com\/no?add-to-cart=64856&#038;quantity=1&#038;e-redirect=https:\/\/shop.ostberg.com\/no\/product\/kombinert-gulvmunnstykke-rd-295\/\">\n\t\t\t\t\t\t<span class=\"elementor-button-content-wrapper\">\n\t\t\t\t\t\t\t\t\t<span class=\"elementor-button-text\">LEGG I HANDLEKURV<\/span>\n\t\t\t\t\t<\/span>\n\t\t\t\t\t<\/a>\n\t\t\t\t<\/div>\n\t\t\t\t\t\t\t\t<\/div>\n\t\t\t\t<\/div>\n\t\t\t\t<div class=\"elementor-element elementor-element-f6d5187 elementor-hidden-desktop elementor-hidden-tablet elementor-hidden-mobile elementor-widget elementor-widget-toggle\" data-id=\"f6d5187\" data-element_type=\"widget\" data-e-type=\"widget\" data-widget_type=\"toggle.default\">\n\t\t\t\t<div class=\"elementor-widget-container\">\n\t\t\t\t\t\t\t<div class=\"elementor-toggle\">\n\t\t\t\t\t\t\t<div class=\"elementor-toggle-item\">\n\t\t\t\t\t<div id=\"elementor-tab-title-2581\" class=\"elementor-tab-title\" data-tab=\"1\" role=\"button\" aria-controls=\"elementor-tab-content-2581\" aria-expanded=\"false\">\n\t\t\t\t\t\t\t\t\t\t\t\t<span class=\"elementor-toggle-icon elementor-toggle-icon-left\" aria-hidden=\"true\">\n\t\t\t\t\t\t\t\t\t\t\t\t\t\t\t<span class=\"elementor-toggle-icon-closed\"><i class=\"fas fa-caret-right\"><\/i><\/span>\n\t\t\t\t\t\t\t\t<span class=\"elementor-toggle-icon-opened\"><i class=\"elementor-toggle-icon-opened fas fa-caret-up\"><\/i><\/span>\n\t\t\t\t\t\t\t\t\t\t\t\t\t<\/span>\n\t\t\t\t\t\t\t\t\t\t\t\t<a class=\"elementor-toggle-title\" tabindex=\"0\">Passer til<\/a>\n\t\t\t\t\t<\/div>\n\n\t\t\t\t\t<div id=\"elementor-tab-content-2581\" class=\"elementor-tab-content elementor-clearfix\" data-tab=\"1\" role=\"region\" aria-labelledby=\"elementor-tab-title-2581\"><a href=\"https:\/\/shop.ostberg.com\/no\/product-tag\/kampanje\/\" rel=\"tag\">Kampanje<\/a><\/div>\n\t\t\t\t<\/div>\n\t\t\t\t\t\t\t\t<\/div>\n\t\t\t\t\t\t<\/div>\n\t\t\t\t<\/div>\n\t\t\t\t\t<\/div>\n\t\t\t\t<\/div>\n\t\t\t\t<\/div>\n\t\t\t\t<div data-elementor-type=\"loop-item\" data-elementor-id=\"44270\" class=\"elementor elementor-44270 e-loop-item e-loop-item-64854 post-64854 product type-product status-publish has-post-thumbnail product_cat-rengjoringsverktoy product_cat-sentralstovsuger product_cat-tilbehor product_tag-kampanje product_shipping_class-kampanje last instock taxable shipping-taxable purchasable product-type-simple\" data-elementor-post-type=\"elementor_library\" data-custom-edit-handle=\"1\">\n\t\t\t<div class=\"elementor-element elementor-element-c23b709 e-flex e-con-boxed e-con e-parent\" data-id=\"c23b709\" data-element_type=\"container\" data-e-type=\"container\">\n\t\t\t\t\t<div class=\"e-con-inner\">\n\t\t<div class=\"elementor-element elementor-element-688a382 e-con-full e-flex e-con e-child\" data-id=\"688a382\" data-element_type=\"container\" data-e-type=\"container\" data-settings=\"{&quot;background_background&quot;:&quot;classic&quot;}\">\n\t\t\t\t<div class=\"elementor-element elementor-element-a0f0018 elementor-widget elementor-widget-image\" data-id=\"a0f0018\" data-element_type=\"widget\" data-e-type=\"widget\" data-widget_type=\"image.default\">\n\t\t\t\t<div class=\"elementor-widget-container\">\n\t\t\t\t\t\t\t\t\t\t\t\t\t\t\t\t<a href=\"https:\/\/shop.ostberg.com\/no\/product\/teleskopror-rustfritt-i-stal\/\">\n\t\t\t\t\t\t\t<img decoding=\"async\" width=\"800\" height=\"800\" src=\"https:\/\/shop.ostberg.com\/no\/wp-content\/uploads\/2026\/04\/Teleskopror20rustfritt20i20stal-1-1024x1024.png\" class=\"attachment-large size-large wp-image-299697\" alt=\"\" srcset=\"https:\/\/shop.ostberg.com\/no\/wp-content\/uploads\/2026\/04\/Teleskopror20rustfritt20i20stal-1-1024x1024.png 1024w, https:\/\/shop.ostberg.com\/no\/wp-content\/uploads\/2026\/04\/Teleskopror20rustfritt20i20stal-1-300x300.png 300w, https:\/\/shop.ostberg.com\/no\/wp-content\/uploads\/2026\/04\/Teleskopror20rustfritt20i20stal-1-150x150.png 150w, https:\/\/shop.ostberg.com\/no\/wp-content\/uploads\/2026\/04\/Teleskopror20rustfritt20i20stal-1-768x768.png 768w, https:\/\/shop.ostberg.com\/no\/wp-content\/uploads\/2026\/04\/Teleskopror20rustfritt20i20stal-1-600x600.png 600w, https:\/\/shop.ostberg.com\/no\/wp-content\/uploads\/2026\/04\/Teleskopror20rustfritt20i20stal-1-100x100.png 100w, https:\/\/shop.ostberg.com\/no\/wp-content\/uploads\/2026\/04\/Teleskopror20rustfritt20i20stal-1.png 1500w\" sizes=\"(max-width: 800px) 100vw, 800px\" \/>\t\t\t\t\t\t\t\t<\/a>\n\t\t\t\t\t\t\t\t\t\t\t\t\t\t\t<\/div>\n\t\t\t\t<\/div>\n\t\t\t\t<\/div>\n\t\t<div class=\"elementor-element elementor-element-66d9f56 e-con-full e-flex e-con e-child\" data-id=\"66d9f56\" data-element_type=\"container\" data-e-type=\"container\">\n\t\t\t\t<div class=\"elementor-element elementor-element-ab305b4 elementor-widget elementor-widget-heading\" data-id=\"ab305b4\" data-element_type=\"widget\" data-e-type=\"widget\" data-widget_type=\"heading.default\">\n\t\t\t\t<div class=\"elementor-widget-container\">\n\t\t\t\t\t<h2 class=\"elementor-heading-title elementor-size-default\"><a href=\"https:\/\/shop.ostberg.com\/no\/product\/teleskopror-rustfritt-i-stal\/\">Teleskopr\u00f8r rustfritt i st\u00e5l<\/a><\/h2>\t\t\t\t<\/div>\n\t\t\t\t<\/div>\n\t\t\t\t<\/div>\n\t\t\t\t<div class=\"elementor-element elementor-element-dd798df elementor-widget elementor-widget-heading\" data-id=\"dd798df\" data-element_type=\"widget\" data-e-type=\"widget\" data-widget_type=\"heading.default\">\n\t\t\t\t<div class=\"elementor-widget-container\">\n\t\t\t\t\t<h3 class=\"elementor-heading-title elementor-size-default\"><span class=\"woocommerce-Price-amount amount\">138&nbsp;<span class=\"woocommerce-Price-currencySymbol\">&#107;&#114;<\/span><\/span> <small class=\"woocommerce-price-suffix\">inkl. MVA.<\/small><\/h3>\t\t\t\t<\/div>\n\t\t\t\t<\/div>\n\t\t\t\t<div class=\"elementor-element elementor-element-61ee1c4 elementor-widget elementor-widget-button\" data-id=\"61ee1c4\" data-element_type=\"widget\" data-e-type=\"widget\" data-widget_type=\"button.default\">\n\t\t\t\t<div class=\"elementor-widget-container\">\n\t\t\t\t\t\t\t\t\t<div class=\"elementor-button-wrapper\">\n\t\t\t\t\t<a class=\"elementor-button elementor-button-link elementor-size-sm\" href=\"https:\/\/shop.ostberg.com\/no?add-to-cart=64854&#038;quantity=1&#038;e-redirect=https:\/\/shop.ostberg.com\/no\/product\/teleskopror-rustfritt-i-stal\/\">\n\t\t\t\t\t\t<span class=\"elementor-button-content-wrapper\">\n\t\t\t\t\t\t\t\t\t<span class=\"elementor-button-text\">LEGG I HANDLEKURV<\/span>\n\t\t\t\t\t<\/span>\n\t\t\t\t\t<\/a>\n\t\t\t\t<\/div>\n\t\t\t\t\t\t\t\t<\/div>\n\t\t\t\t<\/div>\n\t\t\t\t<div class=\"elementor-element elementor-element-f6d5187 elementor-hidden-desktop elementor-hidden-tablet elementor-hidden-mobile elementor-widget elementor-widget-toggle\" data-id=\"f6d5187\" data-element_type=\"widget\" data-e-type=\"widget\" data-widget_type=\"toggle.default\">\n\t\t\t\t<div class=\"elementor-widget-container\">\n\t\t\t\t\t\t\t<div class=\"elementor-toggle\">\n\t\t\t\t\t\t\t<div class=\"elementor-toggle-item\">\n\t\t\t\t\t<div id=\"elementor-tab-title-2581\" class=\"elementor-tab-title\" data-tab=\"1\" role=\"button\" aria-controls=\"elementor-tab-content-2581\" aria-expanded=\"false\">\n\t\t\t\t\t\t\t\t\t\t\t\t<span class=\"elementor-toggle-icon elementor-toggle-icon-left\" aria-hidden=\"true\">\n\t\t\t\t\t\t\t\t\t\t\t\t\t\t\t<span class=\"elementor-toggle-icon-closed\"><i class=\"fas fa-caret-right\"><\/i><\/span>\n\t\t\t\t\t\t\t\t<span class=\"elementor-toggle-icon-opened\"><i class=\"elementor-toggle-icon-opened fas fa-caret-up\"><\/i><\/span>\n\t\t\t\t\t\t\t\t\t\t\t\t\t<\/span>\n\t\t\t\t\t\t\t\t\t\t\t\t<a class=\"elementor-toggle-title\" tabindex=\"0\">Passer til<\/a>\n\t\t\t\t\t<\/div>\n\n\t\t\t\t\t<div id=\"elementor-tab-content-2581\" class=\"elementor-tab-content elementor-clearfix\" data-tab=\"1\" role=\"region\" aria-labelledby=\"elementor-tab-title-2581\"><a href=\"https:\/\/shop.ostberg.com\/no\/product-tag\/kampanje\/\" rel=\"tag\">Kampanje<\/a><\/div>\n\t\t\t\t<\/div>\n\t\t\t\t\t\t\t\t<\/div>\n\t\t\t\t\t\t<\/div>\n\t\t\t\t<\/div>\n\t\t\t\t\t<\/div>\n\t\t\t\t<\/div>\n\t\t\t\t<\/div>\n\t\t\t\t<\/div>\n\t\t\n\t\t\t\t\t\t<\/div>\n\t\t\t\t<\/div>\n\t\t\t\t\t<\/div>\n\t\t\t\t<\/div>\n\t\t\t\t<\/div>\n\t\t","protected":false},"excerpt":{"rendered":"<p>Kampanj \u2013 Dammsugertilbeh\u00f8r med fri frakt! Gj\u00f8r et kupp p\u00e5 dammsugertilbeh\u00f8r! Vi t\u00f8mmer lageret med fantastiske rabatter. Kvalitetstilbeh\u00f8r til superpriser \u2013 kun s\u00e5 langt lageret rekker! Ikke g\u00e5 glipp av sjansen til \u00e5 oppgradere rengj\u00f8ringen hjemme. Fri frakt p\u00e5 alle kj\u00f8p gj\u00f8r dette tilbudet enda bedre. Skynd deg \u2013 salget varer kun i en begrenset [&hellip;]<\/p>\n","protected":false},"author":2,"featured_media":255545,"parent":51887,"menu_order":0,"comment_status":"closed","ping_status":"closed","template":"","meta":{"inline_featured_image":false,"footnotes":""},"class_list":["post-255533","page","type-page","status-publish","has-post-thumbnail","hentry"],"_links":{"self":[{"href":"https:\/\/shop.ostberg.com\/no\/wp-json\/wp\/v2\/pages\/255533","targetHints":{"allow":["GET"]}}],"collection":[{"href":"https:\/\/shop.ostberg.com\/no\/wp-json\/wp\/v2\/pages"}],"about":[{"href":"https:\/\/shop.ostberg.com\/no\/wp-json\/wp\/v2\/types\/page"}],"author":[{"embeddable":true,"href":"https:\/\/shop.ostberg.com\/no\/wp-json\/wp\/v2\/users\/2"}],"replies":[{"embeddable":true,"href":"https:\/\/shop.ostberg.com\/no\/wp-json\/wp\/v2\/comments?post=255533"}],"version-history":[{"count":13,"href":"https:\/\/shop.ostberg.com\/no\/wp-json\/wp\/v2\/pages\/255533\/revisions"}],"predecessor-version":[{"id":255556,"href":"https:\/\/shop.ostberg.com\/no\/wp-json\/wp\/v2\/pages\/255533\/revisions\/255556"}],"up":[{"embeddable":true,"href":"https:\/\/shop.ostberg.com\/no\/wp-json\/wp\/v2\/pages\/51887"}],"wp:featuredmedia":[{"embeddable":true,"href":"https:\/\/shop.ostberg.com\/no\/wp-json\/wp\/v2\/media\/255545"}],"wp:attachment":[{"href":"https:\/\/shop.ostberg.com\/no\/wp-json\/wp\/v2\/media?parent=255533"}],"curies":[{"name":"wp","href":"https:\/\/api.w.org\/{rel}","templated":true}]}}