{"id":193467,"date":"2025-09-08T10:42:56","date_gmt":"2025-09-08T08:42:56","guid":{"rendered":"https:\/\/shop.ostberg.com\/no\/?page_id=193467"},"modified":"2025-09-08T16:39:02","modified_gmt":"2025-09-08T14:39:02","slug":"filterabonnemt-tack","status":"publish","type":"page","link":"https:\/\/shop.ostberg.com\/no\/filterabonnemt-tack\/","title":{"rendered":"Filterabonnemt &#8211; Tack!"},"content":{"rendered":"\t\t<div data-elementor-type=\"wp-page\" data-elementor-id=\"193467\" class=\"elementor elementor-193467\" data-elementor-post-type=\"page\">\n\t\t\t\t<div class=\"elementor-element elementor-element-67d62e56 e-flex e-con-boxed e-con e-parent\" data-id=\"67d62e56\" data-element_type=\"container\" data-e-type=\"container\">\n\t\t\t\t\t<div class=\"e-con-inner\">\n\t\t<div class=\"elementor-element elementor-element-29e6d942 e-con-full e-flex e-con e-child\" data-id=\"29e6d942\" data-element_type=\"container\" data-e-type=\"container\" data-settings=\"{&quot;background_background&quot;:&quot;classic&quot;}\">\n\t\t\t\t<div class=\"elementor-element elementor-element-c90a7ba elementor-widget elementor-widget-image\" data-id=\"c90a7ba\" data-element_type=\"widget\" data-e-type=\"widget\" data-widget_type=\"image.default\">\n\t\t\t\t<div class=\"elementor-widget-container\">\n\t\t\t\t\t\t\t\t\t\t\t\t\t\t\t<img fetchpriority=\"high\" decoding=\"async\" width=\"800\" height=\"534\" src=\"https:\/\/shop.ostberg.com\/no\/wp-content\/uploads\/2025\/09\/Filterabonnemnag_tack_host-1024x683.jpg\" class=\"attachment-large size-large wp-image-193479\" alt=\"HERU ventilasjonsaggregat med originale \u00d6stberg filter \u2013 enkelt filterabonnement for ren luft hele \u00e5ret\" srcset=\"https:\/\/shop.ostberg.com\/no\/wp-content\/uploads\/2025\/09\/Filterabonnemnag_tack_host-1024x683.jpg 1024w, https:\/\/shop.ostberg.com\/no\/wp-content\/uploads\/2025\/09\/Filterabonnemnag_tack_host-300x200.jpg 300w, https:\/\/shop.ostberg.com\/no\/wp-content\/uploads\/2025\/09\/Filterabonnemnag_tack_host-768x512.jpg 768w, https:\/\/shop.ostberg.com\/no\/wp-content\/uploads\/2025\/09\/Filterabonnemnag_tack_host-600x400.jpg 600w, https:\/\/shop.ostberg.com\/no\/wp-content\/uploads\/2025\/09\/Filterabonnemnag_tack_host.jpg 1536w\" sizes=\"(max-width: 800px) 100vw, 800px\" \/>\t\t\t\t\t\t\t\t\t\t\t\t\t\t\t<\/div>\n\t\t\t\t<\/div>\n\t\t\t\t<div class=\"elementor-element elementor-element-60b95605 elementor-widget elementor-widget-heading\" data-id=\"60b95605\" data-element_type=\"widget\" data-e-type=\"widget\" data-widget_type=\"heading.default\">\n\t\t\t\t<div class=\"elementor-widget-container\">\n\t\t\t\t\t<h1 class=\"elementor-heading-title elementor-size-default\">Takk for din bestilling!<\/h1>\t\t\t\t<\/div>\n\t\t\t\t<\/div>\n\t\t\t\t<div class=\"elementor-element elementor-element-4483a789 elementor-widget elementor-widget-text-editor\" data-id=\"4483a789\" data-element_type=\"widget\" data-e-type=\"widget\" data-widget_type=\"text-editor.default\">\n\t\t\t\t<div class=\"elementor-widget-container\">\n\t\t\t\t\t\t\t\t\t<p>Du har n\u00e5 tegnet et abonnement p\u00e5 originale filter fra \u00d6stberg. Med jevnlig filterlevering sikrer du et friskere inneklima, lavere energiforbruk og maksimal ytelse fra ditt HERU-aggregat \u2013 helt uten bekymringer.<\/p>\t\t\t\t\t\t\t\t<\/div>\n\t\t\t\t<\/div>\n\t\t\t\t<div class=\"elementor-element elementor-element-9208961 elementor-widget elementor-widget-text-editor\" data-id=\"9208961\" data-element_type=\"widget\" data-e-type=\"widget\" data-widget_type=\"text-editor.default\">\n\t\t\t\t<div class=\"elementor-widget-container\">\n\t\t\t\t\t\t\t\t\t<p>Du har valgt <strong><\/strong>, og vi s\u00f8rger for at du f\u00e5r det levert <strong><\/strong>.<\/p>\t\t\t\t\t\t\t\t<\/div>\n\t\t\t\t<\/div>\n\t\t\t\t<\/div>\n\t\t<div class=\"elementor-element elementor-element-1a386ab9 e-con-full e-flex e-con e-child\" data-id=\"1a386ab9\" data-element_type=\"container\" data-e-type=\"container\" data-settings=\"{&quot;background_background&quot;:&quot;classic&quot;}\">\n\t\t\t\t<div class=\"elementor-element elementor-element-7daece5e elementor-widget elementor-widget-heading\" data-id=\"7daece5e\" data-element_type=\"widget\" data-e-type=\"widget\" data-widget_type=\"heading.default\">\n\t\t\t\t<div class=\"elementor-widget-container\">\n\t\t\t\t\t<h3 class=\"elementor-heading-title elementor-size-default\">Slik bytter du enkelt filter p\u00e5 ditt HERU-aggregat<\/h3>\t\t\t\t<\/div>\n\t\t\t\t<\/div>\n\t\t\t\t<div class=\"elementor-element elementor-element-483b60ca elementor-widget elementor-widget-text-editor\" data-id=\"483b60ca\" data-element_type=\"widget\" data-e-type=\"widget\" data-widget_type=\"text-editor.default\">\n\t\t\t\t<div class=\"elementor-widget-container\">\n\t\t\t\t\t\t\t\t\t<p>\u00c5 bytte filter p\u00e5 ditt HERU S- eller T-aggregat er raskt og enkelt \u2013 og en viktig del av \u00e5 sikre et sunt og energieffektivt inneklima.<\/p><p>I v\u00e5re filmer viser vi deg trinn for trinn hvordan du gj\u00f8r filterbyttet selv.<\/p>\t\t\t\t\t\t\t\t<\/div>\n\t\t\t\t<\/div>\n\t\t\t\t<div class=\"elementor-element elementor-element-063c06e elementor-widget elementor-widget-video\" data-id=\"063c06e\" data-element_type=\"widget\" data-e-type=\"widget\" data-settings=\"{&quot;youtube_url&quot;:&quot;https:\\\/\\\/www.youtube.com\\\/watch?v=CDFw4feCCDo&quot;,&quot;video_type&quot;:&quot;youtube&quot;,&quot;controls&quot;:&quot;yes&quot;}\" data-widget_type=\"video.default\">\n\t\t\t\t<div class=\"elementor-widget-container\">\n\t\t\t\t\t\t\t<div class=\"elementor-wrapper elementor-open-inline\">\n\t\t\t<div class=\"elementor-video\"><\/div>\t\t<\/div>\n\t\t\t\t\t\t<\/div>\n\t\t\t\t<\/div>\n\t\t\t\t<div class=\"elementor-element elementor-element-019dcd3 elementor-widget elementor-widget-video\" data-id=\"019dcd3\" data-element_type=\"widget\" data-e-type=\"widget\" data-settings=\"{&quot;youtube_url&quot;:&quot;https:\\\/\\\/www.youtube.com\\\/watch?v=TOQ-EQMf9zw&amp;list=PLCWbo_5PgTTxLm5tChRcyYiLDHleLL0cL&amp;index=20&quot;,&quot;video_type&quot;:&quot;youtube&quot;,&quot;controls&quot;:&quot;yes&quot;}\" data-widget_type=\"video.default\">\n\t\t\t\t<div class=\"elementor-widget-container\">\n\t\t\t\t\t\t\t<div class=\"elementor-wrapper elementor-open-inline\">\n\t\t\t<div class=\"elementor-video\"><\/div>\t\t<\/div>\n\t\t\t\t\t\t<\/div>\n\t\t\t\t<\/div>\n\t\t\t\t<div class=\"elementor-element elementor-element-25f443b0 elementor-widget elementor-widget-button\" data-id=\"25f443b0\" data-element_type=\"widget\" data-e-type=\"widget\" data-widget_type=\"button.default\">\n\t\t\t\t<div class=\"elementor-widget-container\">\n\t\t\t\t\t\t\t\t\t<div class=\"elementor-button-wrapper\">\n\t\t\t\t\t<a class=\"elementor-button elementor-button-link elementor-size-sm\" href=\"https:\/\/support.ostberg.com\/no\/\" target=\"_blank\" rel=\"noopener\">\n\t\t\t\t\t\t<span class=\"elementor-button-content-wrapper\">\n\t\t\t\t\t\t\t\t\t<span class=\"elementor-button-text\">Teknisk hjelp<\/span>\n\t\t\t\t\t<\/span>\n\t\t\t\t\t<\/a>\n\t\t\t\t<\/div>\n\t\t\t\t\t\t\t\t<\/div>\n\t\t\t\t<\/div>\n\t\t\t\t<\/div>\n\t\t\t\t\t<\/div>\n\t\t\t\t<\/div>\n\t\t\t\t<\/div>\n\t\t","protected":false},"excerpt":{"rendered":"<p>Takk for din bestilling! Du har n\u00e5 tegnet et abonnement p\u00e5 originale filter fra \u00d6stberg. Med jevnlig filterlevering sikrer du et friskere inneklima, lavere energiforbruk og maksimal ytelse fra ditt HERU-aggregat \u2013 helt uten bekymringer. Du har valgt , og vi s\u00f8rger for at du f\u00e5r det levert . Slik bytter du enkelt filter p\u00e5 [&hellip;]<\/p>\n","protected":false},"author":2,"featured_media":0,"parent":0,"menu_order":0,"comment_status":"closed","ping_status":"closed","template":"","meta":{"inline_featured_image":false,"footnotes":""},"class_list":["post-193467","page","type-page","status-publish","hentry"],"_links":{"self":[{"href":"https:\/\/shop.ostberg.com\/no\/wp-json\/wp\/v2\/pages\/193467","targetHints":{"allow":["GET"]}}],"collection":[{"href":"https:\/\/shop.ostberg.com\/no\/wp-json\/wp\/v2\/pages"}],"about":[{"href":"https:\/\/shop.ostberg.com\/no\/wp-json\/wp\/v2\/types\/page"}],"author":[{"embeddable":true,"href":"https:\/\/shop.ostberg.com\/no\/wp-json\/wp\/v2\/users\/2"}],"replies":[{"embeddable":true,"href":"https:\/\/shop.ostberg.com\/no\/wp-json\/wp\/v2\/comments?post=193467"}],"version-history":[{"count":40,"href":"https:\/\/shop.ostberg.com\/no\/wp-json\/wp\/v2\/pages\/193467\/revisions"}],"predecessor-version":[{"id":193511,"href":"https:\/\/shop.ostberg.com\/no\/wp-json\/wp\/v2\/pages\/193467\/revisions\/193511"}],"wp:attachment":[{"href":"https:\/\/shop.ostberg.com\/no\/wp-json\/wp\/v2\/media?parent=193467"}],"curies":[{"name":"wp","href":"https:\/\/api.w.org\/{rel}","templated":true}]}}